{"id":3086,"date":"2024-01-22T21:17:47","date_gmt":"2024-01-22T21:17:47","guid":{"rendered":"https:\/\/bancocacique.com.br\/sobre-nosotros\/"},"modified":"2025-07-07T09:24:41","modified_gmt":"2025-07-07T09:24:41","slug":"about-us","status":"publish","type":"page","link":"https:\/\/bancocacique.com.br\/es\/about-us\/","title":{"rendered":"Sobre nosotros"},"content":{"rendered":"<section class=\"gb-container gb-container-54e4e0da\">\n<div class=\"gb-container gb-container-37f383c2\">\n<div class=\"gb-container gb-container-3c2606f1\">\n\n<p class=\"gb-headline gb-headline-91cc40f4 gb-headline-text\">Bancocacique es una iniciativa \u00fanica en un momento en que el mercado financiero est\u00e1 consolidando sus bases digitales y activos como Bitcoin ya se est\u00e1n generalizando. Esto demuestra que el mundo del trading tradicional se est\u00e1 transformando con una estructura m\u00e1s eficiente, diversificada y justa para los inversores.<\/p>\n\n\n\n<p class=\"gb-headline gb-headline-291b5fc2 gb-headline-text\">Sin embargo, este aumento de oportunidades para los usuarios no se basa necesariamente en las opciones m\u00e1s correctas, transparentes y legales. Es precisamente aqu\u00ed donde entra en juego el equipo de expertos en finanzas, econom\u00eda y producci\u00f3n de contenidos de Bancocacique.<br><br> En medio de este escenario hist\u00f3rico en el mercado financiero, somos una fuente confiable para que encuentre las mejores opciones en herramientas y plataformas de inversi\u00f3n. Aqu\u00ed, nuestros lectores pueden encontrar rese\u00f1as de robots de trading, corredores de bolsa y bolsas de valores.<br><br> Cada una de estas soluciones puede ser fundamental para un inversionista que busque desarrollarse, por lo que te recomendamos informarte lo m\u00e1ximo posible sobre ellas.<br> Por supuesto, nuestro objetivo es transmitir todos los consejos, puntos negativos y positivos de cada servicio de la forma m\u00e1s sencilla posible. De esta manera, logramos nuestro objetivo principal: ayudar a las personas a tomar decisiones financieras m\u00e1s informadas y basadas en hechos.<br><\/p>\n\n<\/div>\n\n<div class=\"gb-container gb-container-05970008\">\n\n<figure class=\"gb-block-image gb-block-image-39d67089\"><img loading=\"lazy\" decoding=\"async\" width=\"1024\" height=\"1024\" class=\"gb-image gb-image-39d67089\" src=\"https:\/\/bancocacique.com.br\/wp-content\/uploads\/2024\/11\/About-Us.webp\" alt=\"\" title=\"Sobre nosotros\" srcset=\"https:\/\/bancocacique.com.br\/wp-content\/uploads\/2024\/11\/About-Us.webp 1024w, https:\/\/bancocacique.com.br\/wp-content\/uploads\/2024\/11\/About-Us-300x300.webp 300w, https:\/\/bancocacique.com.br\/wp-content\/uploads\/2024\/11\/About-Us-150x150.webp 150w, https:\/\/bancocacique.com.br\/wp-content\/uploads\/2024\/11\/About-Us-768x768.webp 768w\" sizes=\"auto, (max-width: 1024px) 100vw, 1024px\"><\/figure>\n\n<\/div>\n<\/div>\n<\/section><section class=\"gb-container gb-container-71cfbdfd\">\n<div class=\"gb-container gb-container-a225b655\">\n\n<h2 class=\"gb-headline gb-headline-b5c12462 gb-headline-text\">Bancocacique: Nuestra Misi\u00f3n y Visi\u00f3n<\/h2>\n\n\n\n<p>\u00bfC\u00f3mo podemos prevenir y, sobre todo, encontrar oportunidades en un escenario financiero tan impredecible como el actual? La respuesta a esta pregunta implica reconocer que, en paralelo a esta imprevisibilidad, se est\u00e1n implementando numerosas soluciones.<\/p>\n\n\n\n<p>Esta mentalidad positiva (pero realista) caracteriza al equipo de profesionales de Bancocacique. Con a\u00f1os de experiencia pr\u00e1ctica, profesional y personal en inversiones, finanzas y tecnolog\u00eda, estamos listos para ejecutar nuestro gran plan.<\/p>\n\n\n\n<p>Tras pasar mucho tiempo inmerso en gr\u00e1ficos, cifras y los elementos m\u00e1s subjetivos que influyen en el mercado, es hora de transmitir el conocimiento. Pero \u00bfc\u00f3mo se hace?<\/p>\n\n\n\n<p>El camino que hemos elegido se basa en gu\u00edas y rese\u00f1as de productos y herramientas del mundo de las operaciones financieras. Creemos que, al brindarle los mejores elementos para identificar si una plataforma es confiable, segura y de calidad, podr\u00e1 al menos saber si est\u00e1 utilizando la herramienta adecuada para ganar esta carrera.<\/p>\n\n\n\n<p>Todo esto ser\u00e1 100% gratuito, pero \u00bfc\u00f3mo podemos garantizarlo realmente? Para obtener la recompensa debida sin afectar la experiencia del usuario, podemos usar enlaces de afiliados en todo nuestro contenido. Pero tenga la seguridad de que esto es solo una advertencia para aclarar todos los t\u00e9rminos. Garantizamos imparcialidad y, si es necesario, le indicaremos los puntos negativos y las posibles dificultades que pueda encontrar al realizar sus inversiones.<\/p>\n\n\n\n<p>Con esto, esperamos llegar al mayor n\u00famero posible de usuarios en todo Brasil, incluyendo a quienes han decidido vivir en otros pa\u00edses. A trav\u00e9s de los recursos educativos que se encuentran aqu\u00ed, esperamos generar un impacto positivo para todos, especialmente para quienes se inician en el mundo de los br\u00f3keres, plataformas de intercambio o robots de trading en l\u00ednea.<\/p>\n\n<\/div>\n<\/section><section class=\"gb-container gb-container-c776f35e\">\n<div class=\"gb-container gb-container-fa05304f\">\n\n<h2 class=\"gb-headline gb-headline-e52e84d8 gb-headline-text\">\u00bfC\u00f3mo realizamos nuestro an\u00e1lisis? Nuestros 5 pilares<\/h2>\n\n\n\n<p>Analizar herramientas y empresas con total imparcialidad no es tarea f\u00e1cil (si no imposible). Cada usuario tiene su propia perspectiva y necesidades al interactuar con la tecnolog\u00eda financiera, y nuestros analistas no son la excepci\u00f3n.<\/p>\n\n\n\n<p>Adem\u00e1s, el mercado est\u00e1 en constante cambio y un producto que en este momento es el mejor para resolver una o m\u00e1s demandas puede quedar obsoleto en cuesti\u00f3n de meses o incluso d\u00edas.<\/p>\n\n\n\n<p>Dicho esto, \u00bfc\u00f3mo podemos garantizar que lo que lee aqu\u00ed en Bancocacique no solo sea honesto y bien intencionado, sino tambi\u00e9n preciso y lo m\u00e1s universal posible? Bueno, la respuesta es bastante sencilla. Tras un largo proceso de evaluaci\u00f3n y actualizaci\u00f3n, nuestros criterios de revisi\u00f3n han quedado muy bien definidos:<br\/><\/p>\n\n\n<div class=\"gb-grid-wrapper gb-grid-wrapper-627dc9b0\">\n<div class=\"gb-grid-column gb-grid-column-6f1cc28b\"><div class=\"gb-container gb-container-6f1cc28b\">\n\n<figure class=\"gb-block-image gb-block-image-ac1e1e54\"><img loading=\"lazy\" decoding=\"async\" width=\"1024\" height=\"1024\" class=\"gb-image gb-image-ac1e1e54\" src=\"https:\/\/bancocacique.com.br\/wp-content\/uploads\/2024\/11\/Perspectiva-foco-no-usuario.webp\" alt=\"\" title=\"Perspectiva: enfoque en el usuario\" srcset=\"https:\/\/bancocacique.com.br\/wp-content\/uploads\/2024\/11\/Perspectiva-foco-no-usuario.webp 1024w, https:\/\/bancocacique.com.br\/wp-content\/uploads\/2024\/11\/Perspectiva-foco-no-usuario-300x300.webp 300w, https:\/\/bancocacique.com.br\/wp-content\/uploads\/2024\/11\/Perspectiva-foco-no-usuario-150x150.webp 150w, https:\/\/bancocacique.com.br\/wp-content\/uploads\/2024\/11\/Perspectiva-foco-no-usuario-768x768.webp 768w\" sizes=\"auto, (max-width: 1024px) 100vw, 1024px\"><\/figure>\n\n\n<div class=\"gb-container gb-container-e044063b\">\n\n<h3 class=\"gb-headline gb-headline-43ea0fa9 gb-headline-text\">Perspectiva: enfoque en el usuario<\/h3>\n\n\n\n<p class=\"gb-headline gb-headline-9ebe7931 gb-headline-text\">No podemos permitirnos analizar, por ejemplo, una firma de corretaje, destacando \u00fanicamente herramientas superavanzadas con excesivos detalles, en un lenguaje que solo los expertos del sector pueden entender. Nos preguntamos e investigamos directamente sobre la experiencia del usuario. \u00bfQu\u00e9 opinan los inversores? Nuestros an\u00e1lisis logran el equilibrio perfecto entre simplicidad y experiencia.<\/p>\n\n<\/div>\n<\/div><\/div>\n\n<div class=\"gb-grid-column gb-grid-column-650d7ef1\"><div class=\"gb-container gb-container-650d7ef1\">\n\n<figure class=\"gb-block-image gb-block-image-851f44c0\"><img loading=\"lazy\" decoding=\"async\" width=\"1024\" height=\"1024\" class=\"gb-image gb-image-851f44c0\" src=\"https:\/\/bancocacique.com.br\/wp-content\/uploads\/2024\/11\/Pesquisa-e-testagem-os-pilares-fundamentais.webp\" alt=\"\" title=\"Investigaci\u00f3n y pruebas: los pilares fundamentales\" srcset=\"https:\/\/bancocacique.com.br\/wp-content\/uploads\/2024\/11\/Pesquisa-e-testagem-os-pilares-fundamentais.webp 1024w, https:\/\/bancocacique.com.br\/wp-content\/uploads\/2024\/11\/Pesquisa-e-testagem-os-pilares-fundamentais-300x300.webp 300w, https:\/\/bancocacique.com.br\/wp-content\/uploads\/2024\/11\/Pesquisa-e-testagem-os-pilares-fundamentais-150x150.webp 150w, https:\/\/bancocacique.com.br\/wp-content\/uploads\/2024\/11\/Pesquisa-e-testagem-os-pilares-fundamentais-768x768.webp 768w\" sizes=\"auto, (max-width: 1024px) 100vw, 1024px\"><\/figure>\n\n\n<div class=\"gb-container gb-container-351000c7\">\n\n<h2 class=\"gb-headline gb-headline-064ca148 gb-headline-text\">Investigaci\u00f3n y pruebas: los pilares fundamentales<\/h2>\n\n\n\n<p class=\"gb-headline gb-headline-2bef827e gb-headline-text\">Uno de los pilares fundamentales del contenido conciso y basado en hechos es la investigaci\u00f3n. En primer lugar, profundizamos en este paso probando directamente las plataformas que analizamos. Bas\u00e1ndonos en nuestra propia experiencia, recopilamos otros indicadores de investigaci\u00f3n de usuarios y expertos del sector para posicionarnos de forma equilibrada y justa, no solo para los usuarios, sino tambi\u00e9n para las empresas involucradas.<\/p>\n\n<\/div>\n<\/div><\/div>\n\n<div class=\"gb-grid-column gb-grid-column-34bd990d\"><div class=\"gb-container gb-container-34bd990d\">\n\n<figure class=\"gb-block-image gb-block-image-424bff2d\"><img loading=\"lazy\" decoding=\"async\" width=\"1024\" height=\"1024\" class=\"gb-image gb-image-424bff2d\" src=\"https:\/\/bancocacique.com.br\/wp-content\/uploads\/2024\/11\/Seguranca-e-confiabilidade.webp\" alt=\"\" title=\"Seguridad y confiabilidad\" srcset=\"https:\/\/bancocacique.com.br\/wp-content\/uploads\/2024\/11\/Seguranca-e-confiabilidade.webp 1024w, https:\/\/bancocacique.com.br\/wp-content\/uploads\/2024\/11\/Seguranca-e-confiabilidade-300x300.webp 300w, https:\/\/bancocacique.com.br\/wp-content\/uploads\/2024\/11\/Seguranca-e-confiabilidade-150x150.webp 150w, https:\/\/bancocacique.com.br\/wp-content\/uploads\/2024\/11\/Seguranca-e-confiabilidade-768x768.webp 768w\" sizes=\"auto, (max-width: 1024px) 100vw, 1024px\"><\/figure>\n\n\n<div class=\"gb-container gb-container-5300e1f5\">\n\n<h2 class=\"gb-headline gb-headline-7152808e gb-headline-text\">Seguridad y confiabilidad<\/h2>\n\n\n\n<p class=\"gb-headline gb-headline-4be9fc97 gb-headline-text\">Cualquier soluci\u00f3n, especialmente cuando se trata de dinero, debe ser confiable, legal y segura. Tenga la seguridad de que todo lo que encuentre en Bancocacique es confiable y no deber\u00eda causarle ning\u00fan problema. Sin embargo, no nos hacemos responsables de cambios repentinos en el servicio. Para obtener m\u00e1s informaci\u00f3n, consulte el siguiente tema.<\/p>\n\n<\/div>\n<\/div><\/div>\n\n<div class=\"gb-grid-column gb-grid-column-cde3f393\"><div class=\"gb-container gb-container-cde3f393\">\n\n<figure class=\"gb-block-image gb-block-image-4571d798\"><img loading=\"lazy\" decoding=\"async\" width=\"1024\" height=\"1024\" class=\"gb-image gb-image-4571d798\" src=\"https:\/\/bancocacique.com.br\/wp-content\/uploads\/2024\/11\/Atualizacoes-constantes.webp\" alt=\"\" title=\"Actualizaciones constantes\" srcset=\"https:\/\/bancocacique.com.br\/wp-content\/uploads\/2024\/11\/Atualizacoes-constantes.webp 1024w, https:\/\/bancocacique.com.br\/wp-content\/uploads\/2024\/11\/Atualizacoes-constantes-300x300.webp 300w, https:\/\/bancocacique.com.br\/wp-content\/uploads\/2024\/11\/Atualizacoes-constantes-150x150.webp 150w, https:\/\/bancocacique.com.br\/wp-content\/uploads\/2024\/11\/Atualizacoes-constantes-768x768.webp 768w\" sizes=\"auto, (max-width: 1024px) 100vw, 1024px\"><\/figure>\n\n\n<div class=\"gb-container gb-container-03313a90\">\n\n<h2 class=\"gb-headline gb-headline-53ad4e20 gb-headline-text\">Actualizaciones constantes<\/h2>\n\n\n\n<p class=\"gb-headline gb-headline-5906e10b gb-headline-text\">Como ya hemos mencionado, las herramientas y las tecnolog\u00edas cambian, y es fundamental estar atento al pasado y al futuro. Por ello, revisamos nuestro contenido peri\u00f3dicamente para garantizar que la informaci\u00f3n est\u00e9 actualizada.<\/p>\n\n<\/div>\n<\/div><\/div>\n\n<div class=\"gb-grid-column gb-grid-column-da1b7d25\"><div class=\"gb-container gb-container-da1b7d25\">\n\n<figure class=\"gb-block-image gb-block-image-2244c909\"><img loading=\"lazy\" decoding=\"async\" width=\"1024\" height=\"1024\" class=\"gb-image gb-image-2244c909\" src=\"https:\/\/bancocacique.com.br\/wp-content\/uploads\/2024\/11\/Objetividade-usabilidade-aplicabilidade-e-contexto.webp\" alt=\"\" title=\"Objetividad, usabilidad, aplicabilidad y contexto\" srcset=\"https:\/\/bancocacique.com.br\/wp-content\/uploads\/2024\/11\/Objetividade-usabilidade-aplicabilidade-e-contexto.webp 1024w, https:\/\/bancocacique.com.br\/wp-content\/uploads\/2024\/11\/Objetividade-usabilidade-aplicabilidade-e-contexto-300x300.webp 300w, https:\/\/bancocacique.com.br\/wp-content\/uploads\/2024\/11\/Objetividade-usabilidade-aplicabilidade-e-contexto-150x150.webp 150w, https:\/\/bancocacique.com.br\/wp-content\/uploads\/2024\/11\/Objetividade-usabilidade-aplicabilidade-e-contexto-768x768.webp 768w\" sizes=\"auto, (max-width: 1024px) 100vw, 1024px\"><\/figure>\n\n\n<div class=\"gb-container gb-container-f1d975a9\">\n\n<h2 class=\"gb-headline gb-headline-4260505c gb-headline-text\">Objetividad, usabilidad, aplicabilidad y contexto<\/h2>\n\n\n\n<p class=\"gb-headline gb-headline-6450d61e gb-headline-text\">Estos cuatro elementos siempre sustentan la investigaci\u00f3n de Bancocacique. La siguiente pregunta nos gu\u00eda: \u00bfEs pr\u00e1ctica esta soluci\u00f3n? \u00bfTendr\u00e1 dificultades el usuario al usarla? \u00bfPara qui\u00e9n y en qu\u00e9 contextos es aplicable? Lo que funciona en un caso no necesariamente funcionar\u00e1 en otro. Actualmente, responder objetivamente a las preguntas de los inversores es crucial para quienes desean aprender eficientemente.<\/p>\n\n<\/div>\n<\/div><\/div>\n<\/div>\n\n\n<h2 class=\"gb-headline gb-headline-d89c0059 gb-headline-text\">Una peque\u00f1a nota<\/h2>\n\n\n\n<p>Finalmente, debemos advertirle sobre algo: aunque nuestro contenido podr\u00eda ayudarle en su proceso de compraventa de activos, no somos asesores financieros. Precisamente por lo anterior, cualquier consejo de inversi\u00f3n debe brindarse con cautela y de forma personalizada. Nunca base su decisi\u00f3n \u00fanicamente en las lecturas de Bancocacique.<\/p>\n\n<\/div>\n<\/section><section class=\"gb-container gb-container-c492895e\">\n<div class=\"gb-container gb-container-8bed9856\">\n\n<h2 class=\"gb-headline gb-headline-2776566b gb-headline-text\">Mensaje final de nuestro equipo<\/h2>\n\n<\/div>\n<\/section><section class=\"gb-container gb-container-5e519b25\">\n<div class=\"gb-container gb-container-0a9ef5a3\">\n<div class=\"gb-container gb-container-29d9fce6\">\n\n<p class=\"gb-headline gb-headline-cb2119fa gb-headline-text\">Finalmente, queremos reiterar, en nombre de todo el equipo de Bancocacique, nuestro compromiso con la creaci\u00f3n de contenido confiable y \u00fatil para los brasile\u00f1os. Sepan que nuestra intenci\u00f3n, en cada l\u00ednea escrita, es apoyarlos en el dif\u00edcil camino hacia la libertad que brinda una vida financiera organizada.<\/p>\n\n\n\n<p class=\"gb-headline gb-headline-15b1bc15 gb-headline-text\">Re\u00fane tus esfuerzos y mantente al d\u00eda. Y, por supuesto, te recomendamos: no dudes en buscar otras fuentes y probar cada idea aqu\u00ed de forma cuidadosa y gradual. Solo tu propia pr\u00e1ctica puede revelarte el mejor camino. Al fin y al cabo, cada uno tiene su propio perfil y su propia forma de relacionarse con las finanzas.<br><\/p>\n\n<\/div>\n<\/div>\n<\/section>","protected":false},"excerpt":{"rendered":"<p>Bancocacique es una iniciativa \u00fanica en un momento en que el mercado financiero est\u00e1 consolidando sus bases digitales y activos como Bitcoin ya se est\u00e1n generalizando. Esto demuestra que el mundo del trading tradicional se est\u00e1 transformando con una estructura m\u00e1s eficiente, diversificada y justa para los inversores. Sin embargo, este aumento de oportunidades para &#8230; <a title=\"Sobre nosotros\" class=\"read-more\" href=\"https:\/\/bancocacique.com.br\/es\/about-us\/\" aria-label=\"Leer m\u00e1s sobre Sobre nosotros\">Leer m\u00e1s<\/a><\/p>\n","protected":false},"author":1,"featured_media":0,"parent":0,"menu_order":0,"comment_status":"closed","ping_status":"closed","template":"","meta":{"footnotes":""},"class_list":["post-3086","page","type-page","status-publish"],"_links":{"self":[{"href":"https:\/\/bancocacique.com.br\/es\/wp-json\/wp\/v2\/pages\/3086","targetHints":{"allow":["GET"]}}],"collection":[{"href":"https:\/\/bancocacique.com.br\/es\/wp-json\/wp\/v2\/pages"}],"about":[{"href":"https:\/\/bancocacique.com.br\/es\/wp-json\/wp\/v2\/types\/page"}],"author":[{"embeddable":true,"href":"https:\/\/bancocacique.com.br\/es\/wp-json\/wp\/v2\/users\/1"}],"replies":[{"embeddable":true,"href":"https:\/\/bancocacique.com.br\/es\/wp-json\/wp\/v2\/comments?post=3086"}],"version-history":[{"count":5,"href":"https:\/\/bancocacique.com.br\/es\/wp-json\/wp\/v2\/pages\/3086\/revisions"}],"predecessor-version":[{"id":3179,"href":"https:\/\/bancocacique.com.br\/es\/wp-json\/wp\/v2\/pages\/3086\/revisions\/3179"}],"wp:attachment":[{"href":"https:\/\/bancocacique.com.br\/es\/wp-json\/wp\/v2\/media?parent=3086"}],"curies":[{"name":"wp","href":"https:\/\/api.w.org\/{rel}","templated":true}]}}