{"id":3088,"date":"2024-09-03T06:27:48","date_gmt":"2024-09-03T06:27:48","guid":{"rendered":"https:\/\/bancocacique.com.br\/politica-de-privacidad\/"},"modified":"2025-07-07T09:24:41","modified_gmt":"2025-07-07T09:24:41","slug":"politica_de_privacidade","status":"publish","type":"page","link":"https:\/\/bancocacique.com.br\/es\/politica_de_privacidade\/","title":{"rendered":"pol\u00edtica de privacidad"},"content":{"rendered":"\n<p>Pol\u00edtica de privacidad en l\u00ednea de Cacique.<\/p>\n\n<p>La Pol\u00edtica de Privacidad en L\u00ednea se cre\u00f3 para reafirmar el compromiso de Cacique con la seguridad y privacidad de la informaci\u00f3n recopilada de los usuarios de sus productos y servicios interactivos. Dado que esta pol\u00edtica est\u00e1 sujeta a actualizaciones ocasionales, le recomendamos consultarla peri\u00f3dicamente.<\/p>\n\n<p>Puede visitar nuestro sitio web y conocer los productos y servicios que ofrecemos, consultar oportunidades de empleo, leer informes, obtener informaci\u00f3n y noticias, y es posible que necesite proporcionar informaci\u00f3n personal. Esta pol\u00edtica busca aclarar c\u00f3mo Cacique recopila y procesa sus datos personales.<\/p>\n\n<p><strong>1<\/strong> &#8211; Cualquier informaci\u00f3n proporcionada por los usuarios ser\u00e1 recopilada y almacenada de acuerdo con los m\u00e1s estrictos est\u00e1ndares de seguridad y confiabilidad.<\/p>\n\n<p><strong>2<\/strong> &#8211; Toda la informaci\u00f3n documental, recogida de los usuarios, viaja de forma segura, mediante procesos de encriptaci\u00f3n est\u00e1ndar de Internet.<\/p>\n\n<p><strong>3<\/strong> &#8211; La informaci\u00f3n personal que nos proporcionen los usuarios se recopilar\u00e1 mediante procedimientos \u00e9ticos y legales. Esta recopilaci\u00f3n podr\u00e1 tener una o m\u00e1s finalidades, sobre las cuales se informar\u00e1 a nuestros usuarios.<\/p>\n\n<p><strong>4<\/strong> &#8211; Los usuarios ser\u00e1n notificados sobre qu\u00e9 datos est\u00e1n siendo recopilados, siendo ellos quienes decidir\u00e1n si los proporcionan o no, y tambi\u00e9n ser\u00e1n informados sobre las consecuencias de su decisi\u00f3n.<\/p>\n\n<p><strong>5<\/strong> &#8211; Salvo determinaci\u00f3n legal o judicial, la informaci\u00f3n del usuario nunca ser\u00e1 cedida a terceros ni utilizada para fines distintos de aquellos para los que fue recopilada.<\/p>\n\n<p><strong>6<\/strong> &#8211; El acceso a la informaci\u00f3n recopilada est\u00e1 restringido a los empleados autorizados para su uso adecuado. Los empleados que hagan un uso indebido de esta informaci\u00f3n, infringiendo nuestra Pol\u00edtica de Privacidad, estar\u00e1n sujetos a las sanciones previstas por la ley.<\/p>\n\n<p><strong>7<\/strong> &#8211; Mantendremos la integridad de la informaci\u00f3n que nos proporcione.<\/p>\n\n<p><strong>8<\/strong> &#8211; Nuestros sitios web contienen enlaces a otros sitios web externos cuyo contenido y pol\u00edticas de privacidad no son responsabilidad de Cacique, y no tenemos acceso a la informaci\u00f3n recopilada por las &quot;cookies&quot; (*) presentes en estos sitios web.<\/p>\n\n<p><strong>9<\/strong> &#8211; Cualquier organizaci\u00f3n contratada para proporcionar servicios de soporte deber\u00e1 cumplir con nuestros est\u00e1ndares de privacidad.<\/p>\n\n<p><strong>10<\/strong> &#8211; El Cacique est\u00e1 expresamente autorizado a informar los datos relativos a todas las obligaciones asumidas por el Cliente, para que se incluyan en los registros que comparte con otras instituciones acordadas para ello, gestionadas por SERASA, o con otras entidades de protecci\u00f3n crediticia. El Cacique y dichas instituciones est\u00e1n expresamente autorizados a facilitar e intercambiar informaci\u00f3n sobre las obligaciones asumidas por el Cliente, as\u00ed como a consultar el Sistema Central de Riesgos del Banco Central de Brasil, lo cual les sea \u00fatil. El Cliente acepta y es consciente de que el Cacique debe proporcionar al Banco Central de Brasil informaci\u00f3n sobre las operaciones realizadas, es decir, las deudas vencidas, vencidas y registradas como p\u00e9rdidas.<\/p>\n\n<p><strong>11<\/strong> &#8211; Ocasionalmente podemos utilizar cookies (*) para confirmar su identidad, personalizar su acceso y monitorear el uso de nuestro sitio web con el fin de mejorar su navegaci\u00f3n y funcionalidad.<\/p>\n\n<p><strong>12<\/strong> &#8211; Cacique pone a disposici\u00f3n de sus usuarios canales de atenci\u00f3n al cliente para aclarar cualquier duda que pueda presentarse.<\/p>\n\n<p><strong>13<\/strong> &#8211; Los intentos de invasi\u00f3n del sitio web de Cacique o sitios web relacionados ser\u00e1n tratados de acuerdo con las disposiciones legales como da\u00f1o, robo o cualquier otra clasificaci\u00f3n criminal que corresponda a las consecuencias de la invasi\u00f3n, conforme a lo previsto en el c\u00f3digo penal brasile\u00f1o.<\/p>\n\n<p class=\"has-small-font-size\">(*) Cookie: peque\u00f1o archivo que se coloca en su ordenador para rastrear los movimientos dentro de los sitios web, como visitas a p\u00e1ginas y anuncios.<br\/> Las cookies no almacenan informaci\u00f3n personal a menos que usted la proporcione y no recopilan informaci\u00f3n registrada en su ordenador.<br\/> La mayor\u00eda de los navegadores permiten al usuario, en cualquier momento, activar mecanismos para informarle de la activaci\u00f3n de las cookies o para impedir que se activen, si bien esto puede afectar al uso de algunas funciones de nuestra web.<\/p>\n","protected":false},"excerpt":{"rendered":"<p>Pol\u00edtica de privacidad en l\u00ednea de Cacique. La Pol\u00edtica de Privacidad en L\u00ednea se cre\u00f3 para reafirmar el compromiso de Cacique con la seguridad y privacidad de la informaci\u00f3n recopilada de los usuarios de sus productos y servicios interactivos. Dado que esta pol\u00edtica est\u00e1 sujeta a actualizaciones ocasionales, le recomendamos consultarla peri\u00f3dicamente. Puede visitar nuestro &#8230; <a title=\"pol\u00edtica de privacidad\" class=\"read-more\" href=\"https:\/\/bancocacique.com.br\/es\/politica_de_privacidade\/\" aria-label=\"Leer m\u00e1s sobre pol\u00edtica de privacidad\">Leer m\u00e1s<\/a><\/p>\n","protected":false},"author":1,"featured_media":0,"parent":0,"menu_order":0,"comment_status":"closed","ping_status":"open","template":"","meta":{"footnotes":""},"class_list":["post-3088","page","type-page","status-publish"],"_links":{"self":[{"href":"https:\/\/bancocacique.com.br\/es\/wp-json\/wp\/v2\/pages\/3088","targetHints":{"allow":["GET"]}}],"collection":[{"href":"https:\/\/bancocacique.com.br\/es\/wp-json\/wp\/v2\/pages"}],"about":[{"href":"https:\/\/bancocacique.com.br\/es\/wp-json\/wp\/v2\/types\/page"}],"author":[{"embeddable":true,"href":"https:\/\/bancocacique.com.br\/es\/wp-json\/wp\/v2\/users\/1"}],"replies":[{"embeddable":true,"href":"https:\/\/bancocacique.com.br\/es\/wp-json\/wp\/v2\/comments?post=3088"}],"version-history":[{"count":2,"href":"https:\/\/bancocacique.com.br\/es\/wp-json\/wp\/v2\/pages\/3088\/revisions"}],"predecessor-version":[{"id":3177,"href":"https:\/\/bancocacique.com.br\/es\/wp-json\/wp\/v2\/pages\/3088\/revisions\/3177"}],"wp:attachment":[{"href":"https:\/\/bancocacique.com.br\/es\/wp-json\/wp\/v2\/media?parent=3088"}],"curies":[{"name":"wp","href":"https:\/\/api.w.org\/{rel}","templated":true}]}}