{"id":3090,"date":"2024-11-28T10:25:04","date_gmt":"2024-11-28T10:25:04","guid":{"rendered":"https:\/\/bancocacique.com.br\/bots-comerciales\/"},"modified":"2025-07-07T09:16:42","modified_gmt":"2025-07-07T09:16:42","slug":"trading-bots","status":"publish","type":"page","link":"https:\/\/bancocacique.com.br\/es\/trading-bots\/","title":{"rendered":"Bots comerciales"},"content":{"rendered":"<section class=\"gb-container gb-container-48262671\">\n<div class=\"gb-container gb-container-e998e568\">\n\n<h2 class=\"gb-headline gb-headline-8692f44e\"><span class=\"gb-icon\"><svg viewBox=\"0 0 801 143.78\" data-name=\"2\" xmlns=\"http:\/\/www.w3.org\/2000\/svg\"><path style=\"stroke:CurrentColor;stroke-miterlimit:10\" d=\"M736.44 74.85a136.48 136.48 0 0 1-47.71-42.72L667.17.88l-21.56 31.25a136.42 136.42 0 0 1-47.72 42.72 134.77 134.77 0 0 1-64.06 16.06 134.8 134.8 0 0 1-64.06-16.06 136.57 136.57 0 0 1-47.71-42.72L400.5.88l-21.56 31.25a136.54 136.54 0 0 1-47.7 42.72 134.87 134.87 0 0 1-64.07 16.06 134.8 134.8 0 0 1-64.06-16.06 136.51 136.51 0 0 1-47.72-42.72L133.83.88l-21.55 31.25a136.6 136.6 0 0 1-47.72 42.72A134.77 134.77 0 0 1 .5 90.91v52.37A187.09 187.09 0 0 0 89.35 121a188.49 188.49 0 0 0 44.48-33.18A188.42 188.42 0 0 0 178.31 121a187.13 187.13 0 0 0 88.86 22.29A187.18 187.18 0 0 0 356 121a188.49 188.49 0 0 0 44.5-33.19A188.22 188.22 0 0 0 445 121a187.12 187.12 0 0 0 88.85 22.29A187.19 187.19 0 0 0 622.69 121a188.9 188.9 0 0 0 44.48-33.18A188.22 188.22 0 0 0 711.65 121a187.09 187.09 0 0 0 88.85 22.29V90.91a134.77 134.77 0 0 1-64.06-16.06Z\"><\/path><\/svg><\/span> <span class=\"gb-headline-text\">Conozca los robots comerciales: rese\u00f1as y gu\u00edas<\/span><\/h2>\n\n\n\n<p>Los robots de trading automatizados cumplen la funci\u00f3n que su nombre indica. En otras palabras, pueden ayudarte a operar con mayor eficacia y rapidez gracias a sus capacidades de an\u00e1lisis y operaciones automatizadas.<\/p>\n\n\n\n<p>Desde una configuraci\u00f3n inicial, puedes definir los activos y las condiciones en las que quieres operar. Luego, simplemente p\u00eddele al robot de trading que inicie y trabajar\u00e1 las 24 horas del d\u00eda, encontrando oportunidades que no podr\u00edas encontrar por tu cuenta.<\/p>\n\n\n\n<p>Sin embargo, es importante tener mucho cuidado, ya que los robots no pueden reemplazar tu trabajo, especialmente si eres principiante. De hecho, requieren mucha habilidad, estrategia e inteligencia por parte del inversor. En otras palabras, su uso puede generar buenos rendimientos. Sin embargo, si se aplican mal, pueden ser un completo fracaso.<\/p>\n\n\n\n<p>Para principiantes, la mejor opci\u00f3n es usar un asesor rob\u00f3tico. Al igual que una IA generativa, este solo te mostrar\u00e1 algunas rutas posibles, en lugar de seguirlas por ti. Dicho esto, antes de leer detenidamente cada rese\u00f1a que se encuentra aqu\u00ed, ten en cuenta las ventajas y desventajas de esta herramienta, independientemente del software que elijas:<\/p>\n\n\n\n<figure class=\"wp-block-table\"><table class=\"has-fixed-layout\"><tbody><tr><td><strong>Beneficios<\/strong><\/td><td><strong>Riesgos<\/strong><\/td><\/tr><tr><td>Operaciones m\u00e1s eficientes y r\u00e1pidas, evitando problemas como el deslizamiento (slippage de precios)<\/td><td>Las estafas o algoritmos ineficientes son muy comunes y ponen en riesgo sus fondos y su seguridad.<\/td><\/tr><tr><td>Posibilidad de trabajar 24\/7<\/td><td>Especialmente en contextos vol\u00e1tiles, los robots pueden no ser tan inteligentes.<\/td><\/tr><tr><td>Elimina el aspecto emocional que obstaculiza a muchos en el trading.<\/td><td>Pueden crear la falsa idea de que no requieren un an\u00e1lisis inteligente y humano. Es necesario actuar juntos para obtener buenos resultados.<\/td><\/tr><tr><td>Puede diversificar sus opciones y ampliar el alcance del an\u00e1lisis<\/td><td>\u00a0<\/td><\/tr><\/tbody><\/table><\/figure>\n\n\n\n<p>Con la excelente presentaci\u00f3n de los bots de trading, el equipo de Bancocacique tiene una \u00faltima aclaraci\u00f3n. En las rese\u00f1as que encontrar\u00e1 aqu\u00ed, podr\u00edamos incluir enlaces a algunos afiliados. El \u00fanico prop\u00f3sito de esta estrategia es mantener nuestro proyecto.<\/p>\n\n\n\n<p>Por lo tanto, puede estar seguro de que cada texto escrito est\u00e1 elaborado con total imparcialidad, siguiendo nuestros m\u00e9todos de an\u00e1lisis. Nuestro verdadero compromiso es con el lector, y nada m\u00e1s.<\/p>\n\n\n\n<div class=\"gb-grid-wrapper gb-grid-wrapper-5e00c25a gb-query-loop-wrapper\">\n<div class=\"gb-grid-column gb-grid-column-c65271e2 gb-query-loop-item post-3083 trading_bots type-trading_bots status-publish format-standard has-post-thumbnail hentry\"><div class=\"gb-container gb-container-c65271e2\">\n<figure class=\"gb-block-image gb-block-image-e83b8410\"><img loading=\"lazy\" decoding=\"async\" width=\"1456\" height=\"816\" src=\"https:\/\/bancocacique.com.br\/wp-content\/uploads\/2025\/07\/Graficos-financeiros-em-smartphone.jpg\" class=\"gb-image-e83b8410\" alt=\"\" srcset=\"https:\/\/bancocacique.com.br\/wp-content\/uploads\/2025\/07\/Graficos-financeiros-em-smartphone.jpg 1456w, https:\/\/bancocacique.com.br\/wp-content\/uploads\/2025\/07\/Graficos-financeiros-em-smartphone-300x168.jpg 300w, https:\/\/bancocacique.com.br\/wp-content\/uploads\/2025\/07\/Graficos-financeiros-em-smartphone-1024x574.jpg 1024w, https:\/\/bancocacique.com.br\/wp-content\/uploads\/2025\/07\/Graficos-financeiros-em-smartphone-768x430.jpg 768w\" sizes=\"auto, (max-width: 1456px) 100vw, 1456px\" title=\"\"><\/figure>\n\n<h2 class=\"gb-headline gb-headline-b4fe1e89 gb-headline-text\"><a href=\"https:\/\/bancocacique.com.br\/es\/trading-bots\/instant-akpro\/\">An\u00e1lisis 1399_P_N 1399_E1: Flujo de se\u00f1ales de IA y velocidad de ejecuci\u00f3n en el trading de fin de OG<\/a><\/h2>\n\n<p class=\"gb-headline gb-headline-be4394d1 gb-headline-text\"><time class=\"entry-date published\" datetime=\"2025-07-04T07:54:14+00:00\">julio 4, 2025<\/time><\/p>\n\n<div class=\"gb-headline gb-headline-4e2cdafe gb-headline-text\">El trading automatizado se ha vuelto muy popular, pero encontrar el bot adecuado puede ser complicado. Algunos prometen ganancias incre\u00edbles (lo cual suele ser una se\u00f1al de alerta), mientras que otros son tan complejos que solo los traders experimentados pueden descifrarlos.<\/div>\n<\/div><\/div>\n\n<div class=\"gb-grid-column gb-grid-column-c65271e2 gb-query-loop-item post-3080 trading_bots type-trading_bots status-publish format-standard has-post-thumbnail hentry\"><div class=\"gb-container gb-container-c65271e2\">\n<figure class=\"gb-block-image gb-block-image-e83b8410\"><img loading=\"lazy\" decoding=\"async\" width=\"900\" height=\"504\" src=\"https:\/\/bancocacique.com.br\/wp-content\/uploads\/2025\/07\/Notebook-com-grafico-financeiro.jpg\" class=\"gb-image-e83b8410\" alt=\"\" srcset=\"https:\/\/bancocacique.com.br\/wp-content\/uploads\/2025\/07\/Notebook-com-grafico-financeiro.jpg 900w, https:\/\/bancocacique.com.br\/wp-content\/uploads\/2025\/07\/Notebook-com-grafico-financeiro-300x168.jpg 300w, https:\/\/bancocacique.com.br\/wp-content\/uploads\/2025\/07\/Notebook-com-grafico-financeiro-768x430.jpg 768w\" sizes=\"auto, (max-width: 900px) 100vw, 900px\" title=\"\"><\/figure>\n\n<h2 class=\"gb-headline gb-headline-b4fe1e89 gb-headline-text\"><a href=\"https:\/\/bancocacique.com.br\/es\/trading-bots\/ethereum-cormax-review\/\">1402_P_N 1402_E1 An\u00e1lisis: Rendimiento y pron\u00f3stico del trading con IA para D<\/a><\/h2>\n\n<p class=\"gb-headline gb-headline-be4394d1 gb-headline-text\"><time class=\"entry-date published\" datetime=\"2025-07-03T14:40:35+00:00\">julio 3, 2025<\/time><\/p>\n\n<div class=\"gb-headline gb-headline-4e2cdafe gb-headline-text\">El trading automatizado se ha vuelto muy popular, pero encontrar el bot adecuado puede ser complicado. Algunos prometen ganancias incre\u00edbles (lo cual suele ser una se\u00f1al de alerta), mientras que otros son tan complejos que solo los traders experimentados pueden descifrarlos.<\/div>\n<\/div><\/div>\n\n<div class=\"gb-grid-column gb-grid-column-c65271e2 gb-query-loop-item post-3079 trading_bots type-trading_bots status-publish format-standard has-post-thumbnail hentry\"><div class=\"gb-container gb-container-c65271e2\">\n<figure class=\"gb-block-image gb-block-image-e83b8410\"><img loading=\"lazy\" decoding=\"async\" width=\"900\" height=\"504\" src=\"https:\/\/bancocacique.com.br\/wp-content\/uploads\/2025\/07\/Notebook-com-grafico-financeiro-noturno.jpg\" class=\"gb-image-e83b8410\" alt=\"\" srcset=\"https:\/\/bancocacique.com.br\/wp-content\/uploads\/2025\/07\/Notebook-com-grafico-financeiro-noturno.jpg 900w, https:\/\/bancocacique.com.br\/wp-content\/uploads\/2025\/07\/Notebook-com-grafico-financeiro-noturno-300x168.jpg 300w, https:\/\/bancocacique.com.br\/wp-content\/uploads\/2025\/07\/Notebook-com-grafico-financeiro-noturno-768x430.jpg 768w\" sizes=\"auto, (max-width: 900px) 100vw, 900px\" title=\"\"><\/figure>\n\n<h2 class=\"gb-headline gb-headline-b4fe1e89 gb-headline-text\"><a href=\"https:\/\/bancocacique.com.br\/es\/trading-bots\/ethereum-cormax\/\">1401_P_N 1401_E1 Revisi\u00f3n: Precisi\u00f3n de la se\u00f1al de IA y ejecuci\u00f3n de operaciones para DHI<\/a><\/h2>\n\n<p class=\"gb-headline gb-headline-be4394d1 gb-headline-text\"><time class=\"entry-date published\" datetime=\"2025-07-03T14:16:23+00:00\">julio 3, 2025<\/time><\/p>\n\n<div class=\"gb-headline gb-headline-4e2cdafe gb-headline-text\">El trading automatizado se ha vuelto muy popular, pero encontrar el bot adecuado puede ser complicado. Algunos prometen ganancias incre\u00edbles (lo cual suele ser una se\u00f1al de alerta), mientras que otros son tan complejos que solo los traders experimentados pueden descifrarlos.<\/div>\n<\/div><\/div>\n\n<div class=\"gb-grid-column gb-grid-column-c65271e2 gb-query-loop-item post-3078 trading_bots type-trading_bots status-publish format-standard has-post-thumbnail hentry\"><div class=\"gb-container gb-container-c65271e2\">\n<figure class=\"gb-block-image gb-block-image-e83b8410\"><img loading=\"lazy\" decoding=\"async\" width=\"900\" height=\"504\" src=\"https:\/\/bancocacique.com.br\/wp-content\/uploads\/2025\/07\/Notebook-com-grafico-de-acoes.jpg\" class=\"gb-image-e83b8410\" alt=\"\" srcset=\"https:\/\/bancocacique.com.br\/wp-content\/uploads\/2025\/07\/Notebook-com-grafico-de-acoes.jpg 900w, https:\/\/bancocacique.com.br\/wp-content\/uploads\/2025\/07\/Notebook-com-grafico-de-acoes-300x168.jpg 300w, https:\/\/bancocacique.com.br\/wp-content\/uploads\/2025\/07\/Notebook-com-grafico-de-acoes-768x430.jpg 768w\" sizes=\"auto, (max-width: 900px) 100vw, 900px\" title=\"\"><\/figure>\n\n<h2 class=\"gb-headline gb-headline-b4fe1e89 gb-headline-text\"><a href=\"https:\/\/bancocacique.com.br\/es\/trading-bots\/instant-akpro-review\/\">1400_P_N 1400_E1 An\u00e1lisis: Decisiones de trading con IA y perspectivas de ejecuci\u00f3n para DUK<\/a><\/h2>\n\n<p class=\"gb-headline gb-headline-be4394d1 gb-headline-text\"><time class=\"entry-date published\" datetime=\"2025-07-03T14:12:57+00:00\">julio 3, 2025<\/time><\/p>\n\n<div class=\"gb-headline gb-headline-4e2cdafe gb-headline-text\">El trading automatizado se ha vuelto muy popular, pero encontrar el bot adecuado puede ser complicado. Algunos prometen ganancias incre\u00edbles (lo cual suele ser una se\u00f1al de alerta), mientras que otros son tan complejos que solo los traders experimentados pueden descifrarlos.<\/div>\n<\/div><\/div>\n\n<div class=\"gb-grid-column gb-grid-column-c65271e2 gb-query-loop-item post-3077 trading_bots type-trading_bots status-publish format-standard has-post-thumbnail hentry\"><div class=\"gb-container gb-container-c65271e2\">\n<figure class=\"gb-block-image gb-block-image-e83b8410\"><img loading=\"lazy\" decoding=\"async\" width=\"900\" height=\"504\" src=\"https:\/\/bancocacique.com.br\/wp-content\/uploads\/2025\/07\/Grafico-financeiro-em-notebook.jpg\" class=\"gb-image-e83b8410\" alt=\"\" srcset=\"https:\/\/bancocacique.com.br\/wp-content\/uploads\/2025\/07\/Grafico-financeiro-em-notebook.jpg 900w, https:\/\/bancocacique.com.br\/wp-content\/uploads\/2025\/07\/Grafico-financeiro-em-notebook-300x168.jpg 300w, https:\/\/bancocacique.com.br\/wp-content\/uploads\/2025\/07\/Grafico-financeiro-em-notebook-768x430.jpg 768w\" sizes=\"auto, (max-width: 900px) 100vw, 900px\" title=\"\"><\/figure>\n\n<h2 class=\"gb-headline gb-headline-b4fe1e89 gb-headline-text\"><a href=\"https:\/\/bancocacique.com.br\/es\/trading-bots\/energy-proair-review\/\">1398_P_N 1398_E1 Revisi\u00f3n: Capa de ejecuci\u00f3n de IA y modelos predictivos para GPN<\/a><\/h2>\n\n<p class=\"gb-headline gb-headline-be4394d1 gb-headline-text\"><time class=\"entry-date published\" datetime=\"2025-07-03T14:00:12+00:00\">julio 3, 2025<\/time><\/p>\n\n<div class=\"gb-headline gb-headline-4e2cdafe gb-headline-text\">El trading automatizado se ha vuelto muy popular, pero encontrar el bot adecuado puede ser complicado. Algunos prometen ganancias incre\u00edbles (lo cual suele ser una se\u00f1al de alerta), mientras que otros son tan complejos que solo los traders experimentados pueden descifrarlos.<\/div>\n<\/div><\/div>\n\n<div class=\"gb-grid-column gb-grid-column-c65271e2 gb-query-loop-item post-3076 trading_bots type-trading_bots status-publish format-standard has-post-thumbnail hentry\"><div class=\"gb-container gb-container-c65271e2\">\n<figure class=\"gb-block-image gb-block-image-e83b8410\"><img loading=\"lazy\" decoding=\"async\" width=\"900\" height=\"504\" src=\"https:\/\/bancocacique.com.br\/wp-content\/uploads\/2025\/07\/Grafico-financeiro-em-notebook-moderno.jpg\" class=\"gb-image-e83b8410\" alt=\"\" srcset=\"https:\/\/bancocacique.com.br\/wp-content\/uploads\/2025\/07\/Grafico-financeiro-em-notebook-moderno.jpg 900w, https:\/\/bancocacique.com.br\/wp-content\/uploads\/2025\/07\/Grafico-financeiro-em-notebook-moderno-300x168.jpg 300w, https:\/\/bancocacique.com.br\/wp-content\/uploads\/2025\/07\/Grafico-financeiro-em-notebook-moderno-768x430.jpg 768w\" sizes=\"auto, (max-width: 900px) 100vw, 900px\" title=\"\"><\/figure>\n\n<h2 class=\"gb-headline gb-headline-b4fe1e89 gb-headline-text\"><a href=\"https:\/\/bancocacique.com.br\/es\/trading-bots\/energy-proair\/\">1397_P_N 1397_E1 Revisi\u00f3n: Arquitectura de trading con IA y resultados reales de ILMN<\/a><\/h2>\n\n<p class=\"gb-headline gb-headline-be4394d1 gb-headline-text\"><time class=\"entry-date published\" datetime=\"2025-07-03T13:51:06+00:00\">julio 3, 2025<\/time><\/p>\n\n<div class=\"gb-headline gb-headline-4e2cdafe gb-headline-text\">El trading automatizado se ha vuelto muy popular, pero encontrar el bot adecuado puede ser complicado. Algunos prometen ganancias incre\u00edbles (lo cual suele ser una se\u00f1al de alerta), mientras que otros son tan complejos que solo los traders experimentados pueden descifrarlos.<\/div>\n<\/div><\/div>\n\n<div class=\"gb-grid-column gb-grid-column-c65271e2 gb-query-loop-item post-3075 trading_bots type-trading_bots status-publish format-standard has-post-thumbnail hentry\"><div class=\"gb-container gb-container-c65271e2\">\n<figure class=\"gb-block-image gb-block-image-e83b8410\"><img loading=\"lazy\" decoding=\"async\" width=\"900\" height=\"504\" src=\"https:\/\/bancocacique.com.br\/wp-content\/uploads\/2025\/07\/Grafico-de-acoes-em-notebook.jpg\" class=\"gb-image-e83b8410\" alt=\"\" srcset=\"https:\/\/bancocacique.com.br\/wp-content\/uploads\/2025\/07\/Grafico-de-acoes-em-notebook.jpg 900w, https:\/\/bancocacique.com.br\/wp-content\/uploads\/2025\/07\/Grafico-de-acoes-em-notebook-300x168.jpg 300w, https:\/\/bancocacique.com.br\/wp-content\/uploads\/2025\/07\/Grafico-de-acoes-em-notebook-768x430.jpg 768w\" sizes=\"auto, (max-width: 900px) 100vw, 900px\" title=\"\"><\/figure>\n\n<h2 class=\"gb-headline gb-headline-b4fe1e89 gb-headline-text\"><a href=\"https:\/\/bancocacique.com.br\/es\/trading-bots\/gpt-lispro-review\/\">1396_P_N 1396_E1 Revisi\u00f3n: Herramientas de inteligencia y rendimiento de trading con IA para SPGI<\/a><\/h2>\n\n<p class=\"gb-headline gb-headline-be4394d1 gb-headline-text\"><time class=\"entry-date published\" datetime=\"2025-07-03T13:44:53+00:00\">julio 3, 2025<\/time><\/p>\n\n<div class=\"gb-headline gb-headline-4e2cdafe gb-headline-text\">El trading automatizado se ha vuelto muy popular, pero encontrar el bot adecuado puede ser complicado. Algunos prometen ganancias incre\u00edbles (lo cual suele ser una se\u00f1al de alerta), mientras que otros son tan complejos que solo los traders experimentados pueden descifrarlos.<\/div>\n<\/div><\/div>\n\n<div class=\"gb-grid-column gb-grid-column-c65271e2 gb-query-loop-item post-3074 trading_bots type-trading_bots status-publish format-standard has-post-thumbnail hentry\"><div class=\"gb-container gb-container-c65271e2\">\n<figure class=\"gb-block-image gb-block-image-e83b8410\"><img loading=\"lazy\" decoding=\"async\" width=\"900\" height=\"504\" src=\"https:\/\/bancocacique.com.br\/wp-content\/uploads\/2025\/07\/Analise-de-mercado-em-notebook.jpg\" class=\"gb-image-e83b8410\" alt=\"\" srcset=\"https:\/\/bancocacique.com.br\/wp-content\/uploads\/2025\/07\/Analise-de-mercado-em-notebook.jpg 900w, https:\/\/bancocacique.com.br\/wp-content\/uploads\/2025\/07\/Analise-de-mercado-em-notebook-300x168.jpg 300w, https:\/\/bancocacique.com.br\/wp-content\/uploads\/2025\/07\/Analise-de-mercado-em-notebook-768x430.jpg 768w\" sizes=\"auto, (max-width: 900px) 100vw, 900px\" title=\"\"><\/figure>\n\n<h2 class=\"gb-headline gb-headline-b4fe1e89 gb-headline-text\"><a href=\"https:\/\/bancocacique.com.br\/es\/trading-bots\/gpt-lispro\/\">1395_P_N 1395_E1 An\u00e1lisis: Rendimiento de trading con IA y an\u00e1lisis en tiempo real para AMT<\/a><\/h2>\n\n<p class=\"gb-headline gb-headline-be4394d1 gb-headline-text\"><time class=\"entry-date published\" datetime=\"2025-07-03T13:38:12+00:00\">julio 3, 2025<\/time><\/p>\n\n<div class=\"gb-headline gb-headline-4e2cdafe gb-headline-text\">El trading automatizado se ha vuelto muy popular, pero encontrar el bot adecuado puede ser complicado. Algunos prometen ganancias incre\u00edbles (lo cual suele ser una se\u00f1al de alerta), mientras que otros son tan complejos que solo los traders experimentados pueden descifrarlos.<\/div>\n<\/div><\/div>\n\n<div class=\"gb-grid-column gb-grid-column-c65271e2 gb-query-loop-item post-3073 trading_bots type-trading_bots status-publish format-standard has-post-thumbnail hentry\"><div class=\"gb-container gb-container-c65271e2\">\n<figure class=\"gb-block-image gb-block-image-e83b8410\"><img loading=\"lazy\" decoding=\"async\" width=\"900\" height=\"504\" src=\"https:\/\/bancocacique.com.br\/wp-content\/uploads\/2025\/07\/Analise-de-mercado-digital.jpg\" class=\"gb-image-e83b8410\" alt=\"\" srcset=\"https:\/\/bancocacique.com.br\/wp-content\/uploads\/2025\/07\/Analise-de-mercado-digital.jpg 900w, https:\/\/bancocacique.com.br\/wp-content\/uploads\/2025\/07\/Analise-de-mercado-digital-300x168.jpg 300w, https:\/\/bancocacique.com.br\/wp-content\/uploads\/2025\/07\/Analise-de-mercado-digital-768x430.jpg 768w\" sizes=\"auto, (max-width: 900px) 100vw, 900px\" title=\"\"><\/figure>\n\n<h2 class=\"gb-headline gb-headline-b4fe1e89 gb-headline-text\"><a href=\"https:\/\/bancocacique.com.br\/es\/trading-bots\/spot-sanorex-review\/\">An\u00e1lisis 1394_P_N 1394_E1: Precisi\u00f3n de trading con IA e intensidad de la se\u00f1al para AMGN<\/a><\/h2>\n\n<p class=\"gb-headline gb-headline-be4394d1 gb-headline-text\"><time class=\"entry-date published\" datetime=\"2025-07-03T13:34:18+00:00\">julio 3, 2025<\/time><\/p>\n\n<div class=\"gb-headline gb-headline-4e2cdafe gb-headline-text\">El trading automatizado se ha vuelto muy popular, pero encontrar el bot adecuado puede ser complicado. Algunos prometen ganancias incre\u00edbles (lo cual suele ser una se\u00f1al de alerta), mientras que otros son tan complejos que solo los traders experimentados pueden descifrarlos.<\/div>\n<\/div><\/div>\n\n<div class=\"gb-grid-column gb-grid-column-c65271e2 gb-query-loop-item post-3072 trading_bots type-trading_bots status-publish format-standard has-post-thumbnail hentry\"><div class=\"gb-container gb-container-c65271e2\">\n<figure class=\"gb-block-image gb-block-image-e83b8410\"><img loading=\"lazy\" decoding=\"async\" width=\"900\" height=\"504\" src=\"https:\/\/bancocacique.com.br\/wp-content\/uploads\/2025\/07\/Tablet-com-plataforma-de-trading.jpg\" class=\"gb-image-e83b8410\" alt=\"\" srcset=\"https:\/\/bancocacique.com.br\/wp-content\/uploads\/2025\/07\/Tablet-com-plataforma-de-trading.jpg 900w, https:\/\/bancocacique.com.br\/wp-content\/uploads\/2025\/07\/Tablet-com-plataforma-de-trading-300x168.jpg 300w, https:\/\/bancocacique.com.br\/wp-content\/uploads\/2025\/07\/Tablet-com-plataforma-de-trading-768x430.jpg 768w\" sizes=\"auto, (max-width: 900px) 100vw, 900px\" title=\"\"><\/figure>\n\n<h2 class=\"gb-headline gb-headline-b4fe1e89 gb-headline-text\"><a href=\"https:\/\/bancocacique.com.br\/es\/trading-bots\/spot-sanorex\/\">1393_P_N 1393_E1 Revisi\u00f3n: Estrategia de IA y herramientas de eficiencia empresarial para ASML<\/a><\/h2>\n\n<p class=\"gb-headline gb-headline-be4394d1 gb-headline-text\"><time class=\"entry-date published\" datetime=\"2025-07-03T11:21:13+00:00\">julio 3, 2025<\/time><\/p>\n\n<div class=\"gb-headline gb-headline-4e2cdafe gb-headline-text\">El trading automatizado se ha vuelto muy popular, pero encontrar el bot adecuado puede ser complicado. Algunos prometen ganancias incre\u00edbles (lo cual suele ser una se\u00f1al de alerta), mientras que otros son tan complejos que solo los traders experimentados pueden descifrarlos.<\/div>\n<\/div><\/div>\n<\/div>\n\n<div class=\"gb-container gb-container-2f88872e gb-query-loop-pagination\">\n\n\n<span class=\"gb-button gb-button-cb4083c6 gb-button-text page-numbers gb-block-is-current\" aria-current=\"page\">1<\/span><a class=\"gb-button gb-button-cb4083c6 gb-button-text page-numbers\" href=\"?query-5698e999-page=2\">2<\/a>\n\n<a class=\"gb-button gb-button-a50c28e0 gb-button-text\" href=\"\/es\/wp-json\/wp\/v2\/pages\/3090?query-5698e999-page=2\">Pr\u00f3ximo<\/a>\n<\/div>\n\n<\/div>\n<\/section><section class=\"gb-container gb-container-05c0deeb\">\n<div class=\"gb-container gb-container-851a1386\"><\/div>\n<\/section>","protected":false},"excerpt":{"rendered":"<p>Conozca los robots comerciales: rese\u00f1as y gu\u00edas Los robots de trading automatizados cumplen la funci\u00f3n que su nombre indica. En otras palabras, pueden ayudarte a operar con mayor eficacia y rapidez gracias a sus capacidades de an\u00e1lisis y operaciones automatizadas. Desde una configuraci\u00f3n inicial, puedes definir los activos y las condiciones en las que quieres &#8230; <a title=\"Bots comerciales\" class=\"read-more\" href=\"https:\/\/bancocacique.com.br\/es\/trading-bots\/\" aria-label=\"Leer m\u00e1s sobre Bots comerciales\">Leer m\u00e1s<\/a><\/p>\n","protected":false},"author":1,"featured_media":0,"parent":0,"menu_order":0,"comment_status":"closed","ping_status":"closed","template":"","meta":{"footnotes":""},"class_list":["post-3090","page","type-page","status-publish"],"_links":{"self":[{"href":"https:\/\/bancocacique.com.br\/es\/wp-json\/wp\/v2\/pages\/3090","targetHints":{"allow":["GET"]}}],"collection":[{"href":"https:\/\/bancocacique.com.br\/es\/wp-json\/wp\/v2\/pages"}],"about":[{"href":"https:\/\/bancocacique.com.br\/es\/wp-json\/wp\/v2\/types\/page"}],"author":[{"embeddable":true,"href":"https:\/\/bancocacique.com.br\/es\/wp-json\/wp\/v2\/users\/1"}],"replies":[{"embeddable":true,"href":"https:\/\/bancocacique.com.br\/es\/wp-json\/wp\/v2\/comments?post=3090"}],"version-history":[{"count":1,"href":"https:\/\/bancocacique.com.br\/es\/wp-json\/wp\/v2\/pages\/3090\/revisions"}],"predecessor-version":[{"id":3091,"href":"https:\/\/bancocacique.com.br\/es\/wp-json\/wp\/v2\/pages\/3090\/revisions\/3091"}],"wp:attachment":[{"href":"https:\/\/bancocacique.com.br\/es\/wp-json\/wp\/v2\/media?parent=3090"}],"curies":[{"name":"wp","href":"https:\/\/api.w.org\/{rel}","templated":true}]}}