{"id":3092,"date":"2024-11-28T09:26:27","date_gmt":"2024-11-28T09:26:27","guid":{"rendered":"https:\/\/bancocacique.com.br\/corredores-de-inversion\/"},"modified":"2025-07-07T09:16:42","modified_gmt":"2025-07-07T09:16:42","slug":"online-brokers","status":"publish","type":"page","link":"https:\/\/bancocacique.com.br\/es\/online-brokers\/","title":{"rendered":"corredores de inversi\u00f3n"},"content":{"rendered":"<section class=\"gb-container gb-container-48262671\">\n<div class=\"gb-container gb-container-e998e568\">\n\n<h2 class=\"gb-headline gb-headline-8692f44e\"><span class=\"gb-icon\"><svg viewBox=\"0 0 801 143.78\" data-name=\"2\" xmlns=\"http:\/\/www.w3.org\/2000\/svg\"><path style=\"stroke:CurrentColor;stroke-miterlimit:10\" d=\"M736.44 74.85a136.48 136.48 0 0 1-47.71-42.72L667.17.88l-21.56 31.25a136.42 136.42 0 0 1-47.72 42.72 134.77 134.77 0 0 1-64.06 16.06 134.8 134.8 0 0 1-64.06-16.06 136.57 136.57 0 0 1-47.71-42.72L400.5.88l-21.56 31.25a136.54 136.54 0 0 1-47.7 42.72 134.87 134.87 0 0 1-64.07 16.06 134.8 134.8 0 0 1-64.06-16.06 136.51 136.51 0 0 1-47.72-42.72L133.83.88l-21.55 31.25a136.6 136.6 0 0 1-47.72 42.72A134.77 134.77 0 0 1 .5 90.91v52.37A187.09 187.09 0 0 0 89.35 121a188.49 188.49 0 0 0 44.48-33.18A188.42 188.42 0 0 0 178.31 121a187.13 187.13 0 0 0 88.86 22.29A187.18 187.18 0 0 0 356 121a188.49 188.49 0 0 0 44.5-33.19A188.22 188.22 0 0 0 445 121a187.12 187.12 0 0 0 88.85 22.29A187.19 187.19 0 0 0 622.69 121a188.9 188.9 0 0 0 44.48-33.18A188.22 188.22 0 0 0 711.65 121a187.09 187.09 0 0 0 88.85 22.29V90.91a134.77 134.77 0 0 1-64.06-16.06Z\"><\/path><\/svg><\/span> <span class=\"gb-headline-text\">Corredores de inversi\u00f3n: descubre alternativas independientes<\/span><\/h2>\n\n\n\n<p>Quienes buscan corredores de inversi\u00f3n encontrar\u00e1n un vasto mundo de oportunidades. Sin embargo, con mayor libertad, surgen naturalmente m\u00e1s responsabilidades. En Bancocacique, encontrar\u00e1 justo lo que necesita para mejorar su cartera de inversiones y optimizar cada vez m\u00e1s sus opciones.<\/p>\n\n\n\n<p>Las casas de bolsa de inversi\u00f3n son empresas que surgieron a ra\u00edz de la gran demanda de quienes desean hacer crecer su patrimonio. En los grandes bancos, las oportunidades de aumentar su patrimonio pueden ser incluso buenas. Pero, lamentablemente, este no es el objetivo principal de estas instituciones.<\/p>\n\n\n\n<p>En este sentido, los corredores de bolsa y otras plataformas similares se perfilan como soluciones fundamentales. Ofrecen a los inversores una gama mucho m\u00e1s amplia de inversiones y, por consiguiente, m\u00e1s rentables. Adem\u00e1s, al saber evaluar adecuadamente en qu\u00e9 plataforma invertir, tambi\u00e9n puede encontrar asesoramiento y asistencia a\u00fan m\u00e1s orientados a su \u00e9xito financiero.<\/p>\n\n<\/div>\n<\/section><section class=\"gb-container gb-container-74401ed2\">\n<div class=\"gb-container gb-container-1fdc38b0\">\n<div class=\"gb-container gb-container-48598dd6\">\n\n<h2 class=\"gb-headline gb-headline-43f27e4a gb-headline-text\">C\u00f3mo elegir el mejor br\u00f3ker para invertir<\/h2>\n\n\n\n<p>Al cambiarse a una empresa de inversi\u00f3n m\u00e1s rentable, busca oportunidades de inversi\u00f3n m\u00e1s f\u00e1ciles y rentables. Por lo tanto, tenga en cuenta los siguientes criterios para que su cambio no se convierta en un problema:<\/p>\n\n\n\n<ul class=\"wp-block-list\">\n<li>Facilidad de uso y soporte: busca plataformas con una interfaz intuitiva, tanto en la versi\u00f3n de escritorio como en la app. Prueba cada empresa y verifica tambi\u00e9n el soporte. \u00bfCu\u00e1les son las opciones de contacto? \u00bfEl soporte es proactivo? \u00bfOfrecen servicios de asesor\u00eda?<\/li>\n\n\n\n<li>Verifique las comisiones y los costos: los br\u00f3keres se utilizan para encontrar inversiones m\u00e1s rentables. Sin embargo, con comisiones excesivas, esto podr\u00eda no ser posible. Por ejemplo, existen varias plataformas sin comisiones.<\/li>\n\n\n\n<li>Diversidad de inversiones: puede buscar opciones de inversi\u00f3n m\u00e1s amplias en algunas casas de bolsa internacionales o simplemente centrarse en las inversiones m\u00e1s comunes en Brasil. Todo depende de sus preferencias.<\/li>\n\n\n\n<li>Verifique la reputaci\u00f3n y confiabilidad de la empresa. En el caso de los corredores brasile\u00f1os, verifique si est\u00e1n regulados en el pa\u00eds. Adem\u00e1s, verifique sus m\u00e9todos de seguridad. Estrategias como el cifrado, la autenticaci\u00f3n de dos factores y los firewalls son importantes.<\/li>\n<\/ul>\n\n\n\n<p>A continuaci\u00f3n, puede consultar nuestras rese\u00f1as de los principales br\u00f3kers del mercado. Si bien puede encontrar enlaces que indiquen plataformas, su \u00fanico objetivo es hacer viable el proyecto de Bancocacique. Cada rese\u00f1a se realiza de forma imparcial, siguiendo diferentes criterios definidos por nuestro equipo de analistas. Lea con la tranquilidad de que encontrar\u00e1 contenido calificado y confiable.<\/p>\n\n<\/div>\n\n<div class=\"gb-container gb-container-08f4cd04\"><\/div>\n<\/div>\n<\/section><section class=\"gb-container gb-container-05c0deeb\">\n<div class=\"gb-container gb-container-851a1386\"><\/div>\n<\/section>","protected":false},"excerpt":{"rendered":"<p>Corredores de inversi\u00f3n: descubre alternativas independientes Quienes buscan corredores de inversi\u00f3n encontrar\u00e1n un vasto mundo de oportunidades. Sin embargo, con mayor libertad, surgen naturalmente m\u00e1s responsabilidades. En Bancocacique, encontrar\u00e1 justo lo que necesita para mejorar su cartera de inversiones y optimizar cada vez m\u00e1s sus opciones. Las casas de bolsa de inversi\u00f3n son empresas que &#8230; <a title=\"corredores de inversi\u00f3n\" class=\"read-more\" href=\"https:\/\/bancocacique.com.br\/es\/online-brokers\/\" aria-label=\"Leer m\u00e1s sobre corredores de inversi\u00f3n\">Leer m\u00e1s<\/a><\/p>\n","protected":false},"author":1,"featured_media":0,"parent":0,"menu_order":0,"comment_status":"closed","ping_status":"closed","template":"","meta":{"footnotes":""},"class_list":["post-3092","page","type-page","status-publish"],"_links":{"self":[{"href":"https:\/\/bancocacique.com.br\/es\/wp-json\/wp\/v2\/pages\/3092","targetHints":{"allow":["GET"]}}],"collection":[{"href":"https:\/\/bancocacique.com.br\/es\/wp-json\/wp\/v2\/pages"}],"about":[{"href":"https:\/\/bancocacique.com.br\/es\/wp-json\/wp\/v2\/types\/page"}],"author":[{"embeddable":true,"href":"https:\/\/bancocacique.com.br\/es\/wp-json\/wp\/v2\/users\/1"}],"replies":[{"embeddable":true,"href":"https:\/\/bancocacique.com.br\/es\/wp-json\/wp\/v2\/comments?post=3092"}],"version-history":[{"count":2,"href":"https:\/\/bancocacique.com.br\/es\/wp-json\/wp\/v2\/pages\/3092\/revisions"}],"predecessor-version":[{"id":3172,"href":"https:\/\/bancocacique.com.br\/es\/wp-json\/wp\/v2\/pages\/3092\/revisions\/3172"}],"wp:attachment":[{"href":"https:\/\/bancocacique.com.br\/es\/wp-json\/wp\/v2\/media?parent=3092"}],"curies":[{"name":"wp","href":"https:\/\/api.w.org\/{rel}","templated":true}]}}