{"id":3094,"date":"2024-11-28T10:53:38","date_gmt":"2024-11-28T10:53:38","guid":{"rendered":"https:\/\/bancocacique.com.br\/bolsas-de-valores\/"},"modified":"2025-07-07T09:16:16","modified_gmt":"2025-07-07T09:16:16","slug":"traditional-exchanges","status":"publish","type":"page","link":"https:\/\/bancocacique.com.br\/es\/traditional-exchanges\/","title":{"rendered":"Bolsas de valores"},"content":{"rendered":"<section class=\"gb-container gb-container-48262671\">\n<div class=\"gb-container gb-container-e998e568\">\n\n<h2 class=\"gb-headline gb-headline-8692f44e\"><span class=\"gb-icon\"><svg viewBox=\"0 0 801 143.78\" data-name=\"2\" xmlns=\"http:\/\/www.w3.org\/2000\/svg\"><path style=\"stroke:CurrentColor;stroke-miterlimit:10\" d=\"M736.44 74.85a136.48 136.48 0 0 1-47.71-42.72L667.17.88l-21.56 31.25a136.42 136.42 0 0 1-47.72 42.72 134.77 134.77 0 0 1-64.06 16.06 134.8 134.8 0 0 1-64.06-16.06 136.57 136.57 0 0 1-47.71-42.72L400.5.88l-21.56 31.25a136.54 136.54 0 0 1-47.7 42.72 134.87 134.87 0 0 1-64.07 16.06 134.8 134.8 0 0 1-64.06-16.06 136.51 136.51 0 0 1-47.72-42.72L133.83.88l-21.55 31.25a136.6 136.6 0 0 1-47.72 42.72A134.77 134.77 0 0 1 .5 90.91v52.37A187.09 187.09 0 0 0 89.35 121a188.49 188.49 0 0 0 44.48-33.18A188.42 188.42 0 0 0 178.31 121a187.13 187.13 0 0 0 88.86 22.29A187.18 187.18 0 0 0 356 121a188.49 188.49 0 0 0 44.5-33.19A188.22 188.22 0 0 0 445 121a187.12 187.12 0 0 0 88.85 22.29A187.19 187.19 0 0 0 622.69 121a188.9 188.9 0 0 0 44.48-33.18A188.22 188.22 0 0 0 711.65 121a187.09 187.09 0 0 0 88.85 22.29V90.91a134.77 134.77 0 0 1-64.06-16.06Z\"><\/path><\/svg><\/span> <span class=\"gb-headline-text\">La Bolsa de Valores y las nuevas plataformas financieras<\/span><\/h2>\n\n\n\n<p>La \u00e9poca en que los inversores se limitaban a los pocos activos que ofrec\u00eda el mercado burs\u00e1til ha terminado. Hoy en d\u00eda, con la digitalizaci\u00f3n del mundo y la aparici\u00f3n de las fintechs, las inversiones alternativas siguen en auge.<\/p>\n\n\n\n<p>Las empresas est\u00e1n migrando al sector privado y buscando opciones m\u00e1s rentables y menos reguladas. Sin embargo, no podemos perder de vista el papel fundamental de las bolsas de valores en la estabilidad econ\u00f3mica mundial.<\/p>\n\n\n\n<p>En otras palabras, es precisamente su alto nivel de regulaci\u00f3n y centralizaci\u00f3n lo que permite el control de sus pr\u00e1cticas y la seguridad general. Adem\u00e1s, las bolsas de valores garantizan a las empresas un importante espacio para abrir su capital y aumentar sus niveles de inversi\u00f3n, impulsando as\u00ed la econom\u00eda en su conjunto.<\/p>\n\n\n\n<p>En el universo de las nuevas plataformas, por otro lado, observamos algunas ventajas que han obligado a estos mercados tradicionales a adaptarse.<\/p>\n\n<\/div>\n<\/section><section class=\"gb-container gb-container-74401ed2\">\n<div class=\"gb-container gb-container-1fdc38b0\">\n<div class=\"gb-container gb-container-48598dd6\">\n\n<h2 class=\"gb-headline gb-headline-43f27e4a gb-headline-text\">La diversificaci\u00f3n y descentralizaci\u00f3n de las inversiones alternativas<\/h2>\n\n\n\n<p>En el pasado, las bolsas de valores limitaban a los inversores de muchas maneras. Comprar activos era m\u00e1s caro, requer\u00eda m\u00e1s tiempo y las opciones no eran tan buenas. Hoy, con la aparici\u00f3n de nuevas tecnolog\u00edas y soluciones de inversi\u00f3n, observamos un nivel de descentralizaci\u00f3n y diversificaci\u00f3n de productos para todos, ya sean peque\u00f1os o grandes participantes.<\/p>\n\n\n\n<p>Un claro ejemplo de ello es el papel de la cadena de bloques y las criptomonedas en el mercado. Estos activos llevan al m\u00e1ximo el concepto de descentralizaci\u00f3n, permitiendo a cualquiera comprar bitcoins cuando quiera.<\/p>\n\n\n\n<p>Sin embargo, por otro lado, todo esto plantea desaf\u00edos fundamentales para la liquidez, la transparencia y la regulaci\u00f3n del mercado. Con una negociaci\u00f3n cada vez m\u00e1s r\u00e1pida, la volatilidad tambi\u00e9n puede aumentar, generando efectos indeseables en las relaciones entre empresas e inversores.<\/p>\n\n\n\n<p>Y, ante todos estos riesgos, surgen iniciativas como Bancocacique, que buscan prepararte para un escenario inestable e inseguro. Nuestro contenido es 100 % imparcial, incluso cuando incluye enlaces de afiliados, con el \u00fanico prop\u00f3sito de garantizar la continuidad del proyecto.<\/p>\n\n\n\n<p>As\u00ed que, mientras te proporcionamos gu\u00edas e informaci\u00f3n esenciales, puedes seguir optimizando tu relaci\u00f3n con las finanzas. Y detr\u00e1s de todo esto, las bolsas de valores intentan adaptar sus estructuras a las nuevas soluciones tecnol\u00f3gicas, que a su vez intentan adaptarse a un mundo sin estabilidad ni seguridad. Dicho esto, \u00a1profundicemos! Explora las secciones a continuaci\u00f3n y disfruta de cada an\u00e1lisis.<\/p>\n\n<\/div>\n\n<div class=\"gb-container gb-container-08f4cd04\"><\/div>\n<\/div>\n<\/section><section class=\"gb-container gb-container-05c0deeb\">\n<div class=\"gb-container gb-container-851a1386\"><\/div>\n<\/section>","protected":false},"excerpt":{"rendered":"<p>La Bolsa de Valores y las nuevas plataformas financieras La \u00e9poca en que los inversores se limitaban a los pocos activos que ofrec\u00eda el mercado burs\u00e1til ha terminado. Hoy en d\u00eda, con la digitalizaci\u00f3n del mundo y la aparici\u00f3n de las fintechs, las inversiones alternativas siguen en auge. Las empresas est\u00e1n migrando al sector privado &#8230; <a title=\"Bolsas de valores\" class=\"read-more\" href=\"https:\/\/bancocacique.com.br\/es\/traditional-exchanges\/\" aria-label=\"Leer m\u00e1s sobre Bolsas de valores\">Leer m\u00e1s<\/a><\/p>\n","protected":false},"author":1,"featured_media":0,"parent":0,"menu_order":0,"comment_status":"closed","ping_status":"closed","template":"","meta":{"footnotes":""},"class_list":["post-3094","page","type-page","status-publish"],"_links":{"self":[{"href":"https:\/\/bancocacique.com.br\/es\/wp-json\/wp\/v2\/pages\/3094","targetHints":{"allow":["GET"]}}],"collection":[{"href":"https:\/\/bancocacique.com.br\/es\/wp-json\/wp\/v2\/pages"}],"about":[{"href":"https:\/\/bancocacique.com.br\/es\/wp-json\/wp\/v2\/types\/page"}],"author":[{"embeddable":true,"href":"https:\/\/bancocacique.com.br\/es\/wp-json\/wp\/v2\/users\/1"}],"replies":[{"embeddable":true,"href":"https:\/\/bancocacique.com.br\/es\/wp-json\/wp\/v2\/comments?post=3094"}],"version-history":[{"count":1,"href":"https:\/\/bancocacique.com.br\/es\/wp-json\/wp\/v2\/pages\/3094\/revisions"}],"predecessor-version":[{"id":3095,"href":"https:\/\/bancocacique.com.br\/es\/wp-json\/wp\/v2\/pages\/3094\/revisions\/3095"}],"wp:attachment":[{"href":"https:\/\/bancocacique.com.br\/es\/wp-json\/wp\/v2\/media?parent=3094"}],"curies":[{"name":"wp","href":"https:\/\/api.w.org\/{rel}","templated":true}]}}