{"id":3096,"date":"2024-11-28T09:01:05","date_gmt":"2024-11-28T09:01:05","guid":{"rendered":"https:\/\/bancocacique.com.br\/bancos-y-corredores\/"},"modified":"2025-07-07T09:16:42","modified_gmt":"2025-07-07T09:16:42","slug":"traditional-brokers","status":"publish","type":"page","link":"https:\/\/bancocacique.com.br\/es\/traditional-brokers\/","title":{"rendered":"Bancos y corredores"},"content":{"rendered":"<section class=\"gb-container gb-container-48262671\">\n<div class=\"gb-container gb-container-e998e568\">\n\n<h2 class=\"gb-headline gb-headline-8692f44e\"><span class=\"gb-icon\"><svg viewBox=\"0 0 801 143.78\" data-name=\"2\" xmlns=\"http:\/\/www.w3.org\/2000\/svg\"><path style=\"stroke:CurrentColor;stroke-miterlimit:10\" d=\"M736.44 74.85a136.48 136.48 0 0 1-47.71-42.72L667.17.88l-21.56 31.25a136.42 136.42 0 0 1-47.72 42.72 134.77 134.77 0 0 1-64.06 16.06 134.8 134.8 0 0 1-64.06-16.06 136.57 136.57 0 0 1-47.71-42.72L400.5.88l-21.56 31.25a136.54 136.54 0 0 1-47.7 42.72 134.87 134.87 0 0 1-64.07 16.06 134.8 134.8 0 0 1-64.06-16.06 136.51 136.51 0 0 1-47.72-42.72L133.83.88l-21.55 31.25a136.6 136.6 0 0 1-47.72 42.72A134.77 134.77 0 0 1 .5 90.91v52.37A187.09 187.09 0 0 0 89.35 121a188.49 188.49 0 0 0 44.48-33.18A188.42 188.42 0 0 0 178.31 121a187.13 187.13 0 0 0 88.86 22.29A187.18 187.18 0 0 0 356 121a188.49 188.49 0 0 0 44.5-33.19A188.22 188.22 0 0 0 445 121a187.12 187.12 0 0 0 88.85 22.29A187.19 187.19 0 0 0 622.69 121a188.9 188.9 0 0 0 44.48-33.18A188.22 188.22 0 0 0 711.65 121a187.09 187.09 0 0 0 88.85 22.29V90.91a134.77 134.77 0 0 1-64.06-16.06Z\"><\/path><\/svg><\/span> <span class=\"gb-headline-text\">\u00bfVale la pena invertir a trav\u00e9s de los bancos? Opciones tradicionales<\/span><\/h2>\n\n\n\n<p>Con el mundo digital, los bancos tambi\u00e9n se han adaptado y ahora ofrecen una comodidad muy interesante. Gracias a su imagen consistente, se les considera espacios seguros. Por lo tanto, invertir a trav\u00e9s de estos grandes actores sigue siendo una buena opci\u00f3n.<\/p>\n\n\n\n<p>Si prefiere la comodidad y no est\u00e1 explorando nuevas formas de invertir, lea el contenido que encontrar\u00e1 aqu\u00ed. Bancocacique ha preparado las opciones m\u00e1s interesantes para quienes desean aumentar su patrimonio de forma segura y gradual.<\/p>\n\n\n\n<p>Sin embargo, antes de consultar nuestras gu\u00edas, le recomendamos leer otros contenidos del sitio. Presentamos interesantes alternativas de inversi\u00f3n, como las propias casas de bolsa. A continuaci\u00f3n, las compararemos con los bancos: \u00bfcu\u00e1l deber\u00eda elegir?<\/p>\n\n<\/div>\n<\/section><section class=\"gb-container gb-container-74401ed2\">\n<div class=\"gb-container gb-container-1fdc38b0\">\n<div class=\"gb-container gb-container-48598dd6\">\n\n<h2 class=\"gb-headline gb-headline-43f27e4a gb-headline-text\">\u00bfCorredores o bancos? \u00bfD\u00f3nde invertir?<\/h2>\n\n\n\n<p>En los bancos, encontrar\u00e1 un ambiente familiar. Probablemente ya haya interactuado con el servicio de atenci\u00f3n al cliente e incluso haya hablado con su gerente. Por lo tanto, es com\u00fan que las oportunidades de inversi\u00f3n llamen directamente a su puerta.<\/p>\n\n\n\n<p>As\u00ed que solo tienes que asignar tu saldo a ciertas opciones a trav\u00e9s de la propia aplicaci\u00f3n. Todo este proceso simplifica el proceso y, especialmente para principiantes, puede tener m\u00e1s sentido. Pero \u00bfmerece la pena invertir en bancos? Y en cuanto a las dem\u00e1s opciones, \u00bfson tan dif\u00edciles como muchos creen?<\/p>\n\n\n\n<p>En realidad, invertir en plataformas en l\u00ednea independientes de los bancos tambi\u00e9n es un camino sencillo. Normalmente, solo necesitas registrarte y familiarizarte gradualmente con la plataforma. Adem\u00e1s, encontrar\u00e1s ventajas que podr\u00edan hacerte abandonar los bancos.<\/p>\n\n\n\n<p>Mientras que las instituciones tradicionales solo ofrecen sus propios productos, plataformas como las casas de bolsa independientes cuentan con una cartera mucho m\u00e1s amplia. Su misi\u00f3n es ayudarte a invertir mejor. Adem\u00e1s, siguen siendo seguras, ya que se someten a las mismas regulaciones e inspecciones que los bancos, adem\u00e1s de adoptar estrategias de protecci\u00f3n avanzadas.<\/p>\n\n<\/div>\n\n<div class=\"gb-container gb-container-08f4cd04\"><\/div>\n<\/div>\n<\/section><section class=\"gb-container gb-container-84669268\">\n<div class=\"gb-container gb-container-cba97dac\">\n\n<h2 class=\"gb-headline gb-headline-dc6cf4e2\"><span class=\"gb-icon\"><svg viewBox=\"0 0 801 143.78\" data-name=\"2\" xmlns=\"http:\/\/www.w3.org\/2000\/svg\"><path style=\"stroke:CurrentColor;stroke-miterlimit:10\" d=\"M736.44 74.85a136.48 136.48 0 0 1-47.71-42.72L667.17.88l-21.56 31.25a136.42 136.42 0 0 1-47.72 42.72 134.77 134.77 0 0 1-64.06 16.06 134.8 134.8 0 0 1-64.06-16.06 136.57 136.57 0 0 1-47.71-42.72L400.5.88l-21.56 31.25a136.54 136.54 0 0 1-47.7 42.72 134.87 134.87 0 0 1-64.07 16.06 134.8 134.8 0 0 1-64.06-16.06 136.51 136.51 0 0 1-47.72-42.72L133.83.88l-21.55 31.25a136.6 136.6 0 0 1-47.72 42.72A134.77 134.77 0 0 1 .5 90.91v52.37A187.09 187.09 0 0 0 89.35 121a188.49 188.49 0 0 0 44.48-33.18A188.42 188.42 0 0 0 178.31 121a187.13 187.13 0 0 0 88.86 22.29A187.18 187.18 0 0 0 356 121a188.49 188.49 0 0 0 44.5-33.19A188.22 188.22 0 0 0 445 121a187.12 187.12 0 0 0 88.85 22.29A187.19 187.19 0 0 0 622.69 121a188.9 188.9 0 0 0 44.48-33.18A188.22 188.22 0 0 0 711.65 121a187.09 187.09 0 0 0 88.85 22.29V90.91a134.77 134.77 0 0 1-64.06-16.06Z\"><\/path><\/svg><\/span> <span class=\"gb-headline-text\">Bienvenido a Bancocacique<\/span><\/h2>\n\n\n\n<p>Finalmente, ya sea que prefiera la comodidad de los bancos o las ventajas de otras plataformas, las gu\u00edas de Bancocacique siguen estando disponibles. Si bien nuestro equipo puede recomendar enlaces confiables por razones financieras, cada rese\u00f1a mantiene la imparcialidad como su misi\u00f3n. Queremos informar a los inversores brasile\u00f1os para que puedan encontrar sus propias preferencias. Ning\u00fan inter\u00e9s secundario afectar\u00e1 el contenido presentado aqu\u00ed. \u00a1S\u00edguenos!<\/p>\n\n<\/div>\n<\/section><section class=\"gb-container gb-container-05c0deeb\">\n<div class=\"gb-container gb-container-851a1386\"><\/div>\n<\/section>","protected":false},"excerpt":{"rendered":"<p>\u00bfVale la pena invertir a trav\u00e9s de los bancos? Opciones tradicionales Con el mundo digital, los bancos tambi\u00e9n se han adaptado y ahora ofrecen una comodidad muy interesante. Gracias a su imagen consistente, se les considera espacios seguros. Por lo tanto, invertir a trav\u00e9s de estos grandes actores sigue siendo una buena opci\u00f3n. Si prefiere &#8230; <a title=\"Bancos y corredores\" class=\"read-more\" href=\"https:\/\/bancocacique.com.br\/es\/traditional-brokers\/\" aria-label=\"Leer m\u00e1s sobre Bancos y corredores\">Leer m\u00e1s<\/a><\/p>\n","protected":false},"author":1,"featured_media":0,"parent":0,"menu_order":0,"comment_status":"closed","ping_status":"closed","template":"","meta":{"footnotes":""},"class_list":["post-3096","page","type-page","status-publish"],"_links":{"self":[{"href":"https:\/\/bancocacique.com.br\/es\/wp-json\/wp\/v2\/pages\/3096","targetHints":{"allow":["GET"]}}],"collection":[{"href":"https:\/\/bancocacique.com.br\/es\/wp-json\/wp\/v2\/pages"}],"about":[{"href":"https:\/\/bancocacique.com.br\/es\/wp-json\/wp\/v2\/types\/page"}],"author":[{"embeddable":true,"href":"https:\/\/bancocacique.com.br\/es\/wp-json\/wp\/v2\/users\/1"}],"replies":[{"embeddable":true,"href":"https:\/\/bancocacique.com.br\/es\/wp-json\/wp\/v2\/comments?post=3096"}],"version-history":[{"count":1,"href":"https:\/\/bancocacique.com.br\/es\/wp-json\/wp\/v2\/pages\/3096\/revisions"}],"predecessor-version":[{"id":3097,"href":"https:\/\/bancocacique.com.br\/es\/wp-json\/wp\/v2\/pages\/3096\/revisions\/3097"}],"wp:attachment":[{"href":"https:\/\/bancocacique.com.br\/es\/wp-json\/wp\/v2\/media?parent=3096"}],"curies":[{"name":"wp","href":"https:\/\/api.w.org\/{rel}","templated":true}]}}