{"id":3099,"date":"2024-11-12T10:04:51","date_gmt":"2024-11-12T10:04:51","guid":{"rendered":"https:\/\/bancocacique.com.br\/productos\/"},"modified":"2025-07-07T09:24:44","modified_gmt":"2025-07-07T09:24:44","slug":"produtos","status":"publish","type":"page","link":"https:\/\/bancocacique.com.br\/es\/produtos\/","title":{"rendered":"Productos"},"content":{"rendered":"<section class=\"gb-container gb-container-e94b6441\">\n<div class=\"gb-container gb-container-c7013488\">\n\n<h2 class=\"gb-headline gb-headline-e52e84d8 gb-headline-text\">Productos Cacique<\/h2>\n\n\n\n<p class=\"gb-headline gb-headline-03811a2f gb-headline-text\"><\/p>\n\n\n<div class=\"gb-grid-wrapper gb-grid-wrapper-e5f95ebd\">\n<div class=\"gb-grid-column gb-grid-column-25e3f75c\"><div class=\"gb-container gb-container-25e3f75c left-box-shadow\">\n\n<figure class=\"wp-block-image size-full\"><img loading=\"lazy\" decoding=\"async\" width=\"140\" height=\"80\" src=\"https:\/\/bancocacique.com.br\/wp-content\/uploads\/2024\/11\/Produtos_Emprestimo_Pessoal.png\" alt=\"\" class=\"wp-image-2379\" title=\"\"><\/figure>\n\n\n\n<h3 class=\"gb-headline gb-headline-db0048f7 gb-headline-text\">Pr\u00e9stamo personal<\/h3>\n\n\n<div class=\"gb-container gb-container-d937e384\">\n\n<p class=\"gb-headline gb-headline-70fa70ba gb-headline-text\">Obtenga un Pr\u00e9stamo Personal con Cheque y sea elegible para ganar R$ 10.000,00, y en planes de 16 a 18 cuotas, pagando a tiempo, la \u00faltima cuota es gratis.<\/p>\n\n<\/div>\n<\/div><\/div>\n\n<div class=\"gb-grid-column gb-grid-column-54f4d21b\"><div class=\"gb-container gb-container-54f4d21b left-box-shadow\">\n\n<figure class=\"wp-block-image size-full\"><img loading=\"lazy\" decoding=\"async\" width=\"140\" height=\"80\" src=\"https:\/\/bancocacique.com.br\/wp-content\/uploads\/2024\/11\/Produtos_Auto_Emprestimo.png\" alt=\"\" class=\"wp-image-2380\" title=\"\"><\/figure>\n\n\n\n<h3 class=\"gb-headline gb-headline-abb006a9 gb-headline-text\">Pr\u00e9stamo para auto<\/h3>\n\n\n<div class=\"gb-container gb-container-2905d482\">\n\n<p class=\"gb-headline gb-headline-70b45d6e gb-headline-text\">\u00bfNecesitas dinero pero no quieres ir a pie? El Jefe te da luz verde.<\/p>\n\n\n\n<p class=\"gb-headline gb-headline-144e2606\"><span class=\"gb-icon\"><svg aria-hidden=\"true\" role=\"img\" height=\"1em\" width=\"1em\" viewBox=\"0 0 256 512\" xmlns=\"http:\/\/www.w3.org\/2000\/svg\"><path fill=\"currentColor\" d=\"M224.3 273l-136 136c-9.4 9.4-24.6 9.4-33.9 0l-22.6-22.6c-9.4-9.4-9.4-24.6 0-33.9l96.4-96.4-96.4-96.4c-9.4-9.4-9.4-24.6 0-33.9L54.3 103c9.4-9.4 24.6-9.4 33.9 0l136 136c9.5 9.4 9.5 24.6.1 34z\"><\/path><\/svg><\/span> <span class=\"gb-headline-text\"><a href=\"https:\/\/bancocacique.com.br\/es\/auto_emprestimo\/\" data-type=\"page\" data-id=\"2440\">M\u00e1s informaci\u00f3n<\/a><\/span><\/p>\n\n<\/div>\n<\/div><\/div>\n\n<div class=\"gb-grid-column gb-grid-column-a8bfa00a\"><div class=\"gb-container gb-container-a8bfa00a left-box-shadow\">\n\n<figure class=\"wp-block-image size-full\"><img loading=\"lazy\" decoding=\"async\" width=\"140\" height=\"80\" src=\"https:\/\/bancocacique.com.br\/wp-content\/uploads\/2024\/11\/Produtos_Emprestimo_Consignado.png\" alt=\"\" class=\"wp-image-2381\" title=\"\"><\/figure>\n\n\n\n<h3 class=\"gb-headline gb-headline-e60f8f3a gb-headline-text\">Pr\u00e9stamo de n\u00f3mina f\u00e1cil<\/h3>\n\n\n<div class=\"gb-container gb-container-aad6ee18\">\n\n<p class=\"gb-headline gb-headline-ddba3f62\"><span class=\"gb-icon\"><svg aria-hidden=\"true\" role=\"img\" height=\"1em\" width=\"1em\" viewBox=\"0 0 256 512\" xmlns=\"http:\/\/www.w3.org\/2000\/svg\"><path fill=\"currentColor\" d=\"M224.3 273l-136 136c-9.4 9.4-24.6 9.4-33.9 0l-22.6-22.6c-9.4-9.4-9.4-24.6 0-33.9l96.4-96.4-96.4-96.4c-9.4-9.4-9.4-24.6 0-33.9L54.3 103c9.4-9.4 24.6-9.4 33.9 0l136 136c9.5 9.4 9.5 24.6.1 34z\"><\/path><\/svg><\/span> <span class=\"gb-headline-text\">Instituto Nacional de Seguridad Social<\/span><\/p>\n\n<\/div>\n<\/div><\/div>\n\n<div class=\"gb-grid-column gb-grid-column-168853e0\"><div class=\"gb-container gb-container-168853e0 left-box-shadow\">\n\n<figure class=\"wp-block-image size-full\"><img loading=\"lazy\" decoding=\"async\" width=\"140\" height=\"80\" src=\"https:\/\/bancocacique.com.br\/wp-content\/uploads\/2024\/11\/Produtos_CDC_Lojista.png\" alt=\"\" class=\"wp-image-2382\" title=\"\"><\/figure>\n\n\n\n<h3 class=\"gb-headline gb-headline-0f0597bd gb-headline-text\">Minorista de CDC<\/h3>\n\n\n<div class=\"gb-container gb-container-c29d4b19\">\n\n<p class=\"gb-headline gb-headline-ad012475 gb-headline-text\">Sea nuestro socio y ofrezca a sus clientes una l\u00ednea de cr\u00e9dito CDC del Banco Cacique, que act\u00faa, a trav\u00e9s de sus Promotoras, en todo Brasil desde 1985 con m\u00e1s de 3.000 puntos de venta.<\/p>\n\n\n\n<p class=\"gb-headline gb-headline-b2b05ac4\"><span class=\"gb-icon\"><svg aria-hidden=\"true\" role=\"img\" height=\"1em\" width=\"1em\" viewBox=\"0 0 256 512\" xmlns=\"http:\/\/www.w3.org\/2000\/svg\"><path fill=\"currentColor\" d=\"M224.3 273l-136 136c-9.4 9.4-24.6 9.4-33.9 0l-22.6-22.6c-9.4-9.4-9.4-24.6 0-33.9l96.4-96.4-96.4-96.4c-9.4-9.4-9.4-24.6 0-33.9L54.3 103c9.4-9.4 24.6-9.4 33.9 0l136 136c9.5 9.4 9.5 24.6.1 34z\"><\/path><\/svg><\/span> <span class=\"gb-headline-text\">M\u00e1s informaci\u00f3n<\/span><\/p>\n\n<\/div>\n<\/div><\/div>\n<\/div>\n<\/div>\n<\/section>","protected":false},"excerpt":{"rendered":"<p>Productos Cacique<\/p>\n","protected":false},"author":1,"featured_media":0,"parent":0,"menu_order":0,"comment_status":"closed","ping_status":"closed","template":"","meta":{"footnotes":""},"class_list":["post-3099","page","type-page","status-publish"],"_links":{"self":[{"href":"https:\/\/bancocacique.com.br\/es\/wp-json\/wp\/v2\/pages\/3099","targetHints":{"allow":["GET"]}}],"collection":[{"href":"https:\/\/bancocacique.com.br\/es\/wp-json\/wp\/v2\/pages"}],"about":[{"href":"https:\/\/bancocacique.com.br\/es\/wp-json\/wp\/v2\/types\/page"}],"author":[{"embeddable":true,"href":"https:\/\/bancocacique.com.br\/es\/wp-json\/wp\/v2\/users\/1"}],"replies":[{"embeddable":true,"href":"https:\/\/bancocacique.com.br\/es\/wp-json\/wp\/v2\/comments?post=3099"}],"version-history":[{"count":2,"href":"https:\/\/bancocacique.com.br\/es\/wp-json\/wp\/v2\/pages\/3099\/revisions"}],"predecessor-version":[{"id":3181,"href":"https:\/\/bancocacique.com.br\/es\/wp-json\/wp\/v2\/pages\/3099\/revisions\/3181"}],"wp:attachment":[{"href":"https:\/\/bancocacique.com.br\/es\/wp-json\/wp\/v2\/media?parent=3099"}],"curies":[{"name":"wp","href":"https:\/\/api.w.org\/{rel}","templated":true}]}}