{"id":3103,"date":"2024-11-12T10:27:07","date_gmt":"2024-11-12T10:27:07","guid":{"rendered":"https:\/\/bancocacique.com.br\/historia\/"},"modified":"2025-07-07T09:24:44","modified_gmt":"2025-07-07T09:24:44","slug":"historico","status":"publish","type":"page","link":"https:\/\/bancocacique.com.br\/es\/historico\/","title":{"rendered":"Historia"},"content":{"rendered":"<section class=\"gb-container gb-container-54e4e0da\">\n<div class=\"gb-container gb-container-37f383c2\">\n<div class=\"gb-container gb-container-3c2606f1\">\n\n<h2 class=\"gb-headline gb-headline-c1d1ec1d gb-headline-text\">Historia del Banco Cacique<\/h2>\n\n\n\n<p class=\"gb-headline gb-headline-4fdd3166 gb-headline-text\">Adquirido por el grupo Soci\u00e9t\u00e9 G\u00e9n\u00e9rale.<\/p>\n\n\n\n<p>Expansi\u00f3n comercial r\u00e1pida y agresiva, con apertura de tiendas y \u00e9nfasis en pr\u00e9stamos de n\u00f3mina.<\/p>\n\n\n\n<p>Banco Cacique inicia una nueva din\u00e1mica operativa en alianza con Lojas Americanas, l\u00edder brasile\u00f1a en comercio minorista, para ofrecer alternativas de financiamiento para la compra de productos.<\/p>\n\n\n\n<p>Cacique Financial se convierte en Cacique Bank.<\/p>\n\n\n\n<p>Se funda el Cacique Financeira.<\/p>\n\n<\/div>\n\n<div class=\"gb-container gb-container-05970008\">\n\n<figure class=\"gb-block-image gb-block-image-39d67089\"><img loading=\"lazy\" decoding=\"async\" width=\"210\" height=\"500\" class=\"gb-image gb-image-39d67089\" src=\"https:\/\/bancocacique.com.br\/wp-content\/uploads\/2024\/11\/Banner_Produtos.png\" alt=\"Banner_Produtos\" title=\"Banner_Productos\" srcset=\"https:\/\/bancocacique.com.br\/wp-content\/uploads\/2024\/11\/Banner_Produtos.png 210w, https:\/\/bancocacique.com.br\/wp-content\/uploads\/2024\/11\/Banner_Produtos-126x300.png 126w\" sizes=\"auto, (max-width: 210px) 100vw, 210px\" \/><\/figure>\n\n<\/div>\n<\/div>\n<\/section><section class=\"gb-container gb-container-71cfbdfd\">\n<div class=\"gb-container gb-container-a225b655\">\n<div class=\"gb-container gb-container-bcf827a9\">\n<div class=\"gb-grid-wrapper gb-grid-wrapper-1b61c491\">\n<div class=\"gb-grid-column gb-grid-column-9a64ba3f\"><div class=\"gb-container gb-container-9a64ba3f\">\n\n<h2 class=\"gb-headline gb-headline-23176340 gb-headline-text\">157000<\/h2>\n\n\n\n<p class=\"gb-headline gb-headline-660c0a79 gb-headline-text\">Colaboradores<\/p>\n\n<\/div><\/div>\n\n<div class=\"gb-grid-column gb-grid-column-a12b4a2e\"><div class=\"gb-container gb-container-a12b4a2e\">\n\n<h2 class=\"gb-headline gb-headline-5c5a6514 gb-headline-text\">83<\/h2>\n\n\n\n<p class=\"gb-headline gb-headline-34e56c89 gb-headline-text\">Pa\u00edses<\/p>\n\n<\/div><\/div>\n\n<div class=\"gb-grid-column gb-grid-column-7e96168e\"><div class=\"gb-container gb-container-7e96168e\">\n\n<h2 class=\"gb-headline gb-headline-ccadea36 gb-headline-text\">128<\/h2>\n\n\n\n<p class=\"gb-headline gb-headline-895b1ecb gb-headline-text\">Nacionalidades<\/p>\n\n<\/div><\/div>\n<\/div>\n<\/div>\n<\/div>\n<\/section>","protected":false},"excerpt":{"rendered":"<p>Historia del Banco Cacique Adquirido por el grupo Soci\u00e9t\u00e9 G\u00e9n\u00e9rale. Expansi\u00f3n comercial r\u00e1pida y agresiva, con apertura de tiendas y \u00e9nfasis en pr\u00e9stamos de n\u00f3mina. Banco Cacique inicia una nueva din\u00e1mica operativa en alianza con Lojas Americanas, l\u00edder brasile\u00f1a en comercio minorista, para ofrecer alternativas de financiamiento para la compra de productos. Cacique Financial se &#8230; <a title=\"Historia\" class=\"read-more\" href=\"https:\/\/bancocacique.com.br\/es\/historico\/\" aria-label=\"Leer m\u00e1s sobre Historia\">Leer m\u00e1s<\/a><\/p>\n","protected":false},"author":1,"featured_media":0,"parent":0,"menu_order":0,"comment_status":"closed","ping_status":"closed","template":"","meta":{"footnotes":""},"class_list":["post-3103","page","type-page","status-publish"],"_links":{"self":[{"href":"https:\/\/bancocacique.com.br\/es\/wp-json\/wp\/v2\/pages\/3103","targetHints":{"allow":["GET"]}}],"collection":[{"href":"https:\/\/bancocacique.com.br\/es\/wp-json\/wp\/v2\/pages"}],"about":[{"href":"https:\/\/bancocacique.com.br\/es\/wp-json\/wp\/v2\/types\/page"}],"author":[{"embeddable":true,"href":"https:\/\/bancocacique.com.br\/es\/wp-json\/wp\/v2\/users\/1"}],"replies":[{"embeddable":true,"href":"https:\/\/bancocacique.com.br\/es\/wp-json\/wp\/v2\/comments?post=3103"}],"version-history":[{"count":3,"href":"https:\/\/bancocacique.com.br\/es\/wp-json\/wp\/v2\/pages\/3103\/revisions"}],"predecessor-version":[{"id":3180,"href":"https:\/\/bancocacique.com.br\/es\/wp-json\/wp\/v2\/pages\/3103\/revisions\/3180"}],"wp:attachment":[{"href":"https:\/\/bancocacique.com.br\/es\/wp-json\/wp\/v2\/media?parent=3103"}],"curies":[{"name":"wp","href":"https:\/\/api.w.org\/{rel}","templated":true}]}}