{"id":3105,"date":"2024-11-12T13:45:40","date_gmt":"2024-11-12T13:45:40","guid":{"rendered":"https:\/\/bancocacique.com.br\/prestamo-personal\/"},"modified":"2025-07-07T09:21:46","modified_gmt":"2025-07-07T09:21:46","slug":"emprestimo_pessoal","status":"publish","type":"page","link":"https:\/\/bancocacique.com.br\/es\/emprestimo_pessoal\/","title":{"rendered":"Pr\u00e9stamo personal"},"content":{"rendered":"<section class=\"gb-container gb-container-54e4e0da\">\n<div class=\"gb-container gb-container-37f383c2\">\n<div class=\"gb-container gb-container-3c2606f1\">\n\n<h2 class=\"gb-headline gb-headline-c1d1ec1d gb-headline-text\">Obtenga un Pr\u00e9stamo Personal con Cheque y sea elegible para ganar R$ 10.000,00\u00b9 y en planes de 16 a 18 cuotas, pagando a tiempo, la \u00faltima cuota es gratis.\u00b2<\/h2>\n\n\n\n<p>Ventajas y beneficios<\/p>\n\n\n\n<ul class=\"wp-block-list\">\n<li>Cr\u00e9dito en cuenta corriente<\/li>\n\n\n\n<li>T\u00fa eliges la mejor fecha para pagar.<\/li>\n\n\n\n<li>Seguro de prestamista GRATUITO (3)<\/li>\n\n\n\n<li>No es necesario ser titular de una cuenta del Banco Cacique (4)<\/li>\n<\/ul>\n\n\n\n<p>Para solicitar un contacto haga clic aqu\u00ed<\/p>\n\n\n\n<p>Llama ahora mismo a nuestro Centro de Ventas o ac\u00e9rcate a una de nuestras Tiendas Cacique.<\/p>\n\n\n\n<p>Centro de Ventas: S\u00e3o Paulo (11) 3111 4488 | Otras ubicaciones 0800 775 2300<\/p>\n\n\n\n<p>Horario de funcionamiento: de lunes a viernes de 8:00 a 20:00 horas y s\u00e1bados de 8:00 a 18:00 horas, hora de Brasilia (excepto domingos y festivos).<\/p>\n\n\n\n<p class=\"has-small-font-size\">Cr\u00e9dito sujeto a aprobaci\u00f3n.<\/p>\n\n\n\n<p class=\"has-small-font-size\">1 &#8211; Consulta las bases del sorteo pinchando aqu\u00ed.<br\/> 2 &#8211; Condiciones para obtener la \u00faltima cuota gratuita: Aplicable \u00fanicamente a pr\u00e9stamos personales con planes de 16 a 18 cuotas con pago mediante cheque. Los cheques emitidos para el pago de las cuotas no deben devolverse por ning\u00fan motivo, ni siquiera si se trata de la primera o la pen\u00faltima cuota. No se permite el pago tard\u00edo ni anticipado de ninguna cuota. Solo el cumplimiento \u00edntegro de estas condiciones le dar\u00e1 derecho a la exenci\u00f3n del pago de la \u00faltima cuota y se le devolver\u00e1 el cheque.<br\/> 3 &#8211; Condiciones del seguro del prestamista. Haz clic aqu\u00ed para consultarlas.<br\/> 4 &#8211; Debes ser titular de una cuenta bancaria y tener una chequera.<\/p>\n\n<\/div>\n\n<div class=\"gb-container gb-container-05970008\">\n\n<figure class=\"gb-block-image gb-block-image-39d67089\"><img loading=\"lazy\" decoding=\"async\" width=\"210\" height=\"451\" class=\"gb-image gb-image-39d67089\" src=\"https:\/\/bancocacique.com.br\/wp-content\/uploads\/2024\/11\/Fale_Conosco_E.png\" alt=\"\" title=\"Cont\u00e1ctenos\" srcset=\"https:\/\/bancocacique.com.br\/wp-content\/uploads\/2024\/11\/Fale_Conosco_E.png 210w, https:\/\/bancocacique.com.br\/wp-content\/uploads\/2024\/11\/Fale_Conosco_E-140x300.png 140w\" sizes=\"auto, (max-width: 210px) 100vw, 210px\"><\/figure>\n\n<\/div>\n<\/div>\n<\/section>","protected":false},"excerpt":{"rendered":"<p>Obtenga un Pr\u00e9stamo Personal con Cheque y sea elegible para ganar R$ 10.000,00\u00b9 y en planes de 16 a 18 cuotas, pagando a tiempo, la \u00faltima cuota es gratis.\u00b2 Ventajas y beneficios Para solicitar un contacto haga clic aqu\u00ed Llama ahora mismo a nuestro Centro de Ventas o ac\u00e9rcate a una de nuestras Tiendas Cacique. &#8230; <a title=\"Pr\u00e9stamo personal\" class=\"read-more\" href=\"https:\/\/bancocacique.com.br\/es\/emprestimo_pessoal\/\" aria-label=\"Leer m\u00e1s sobre Pr\u00e9stamo personal\">Leer m\u00e1s<\/a><\/p>\n","protected":false},"author":1,"featured_media":0,"parent":0,"menu_order":0,"comment_status":"closed","ping_status":"closed","template":"","meta":{"footnotes":""},"class_list":["post-3105","page","type-page","status-publish"],"_links":{"self":[{"href":"https:\/\/bancocacique.com.br\/es\/wp-json\/wp\/v2\/pages\/3105","targetHints":{"allow":["GET"]}}],"collection":[{"href":"https:\/\/bancocacique.com.br\/es\/wp-json\/wp\/v2\/pages"}],"about":[{"href":"https:\/\/bancocacique.com.br\/es\/wp-json\/wp\/v2\/types\/page"}],"author":[{"embeddable":true,"href":"https:\/\/bancocacique.com.br\/es\/wp-json\/wp\/v2\/users\/1"}],"replies":[{"embeddable":true,"href":"https:\/\/bancocacique.com.br\/es\/wp-json\/wp\/v2\/comments?post=3105"}],"version-history":[{"count":2,"href":"https:\/\/bancocacique.com.br\/es\/wp-json\/wp\/v2\/pages\/3105\/revisions"}],"predecessor-version":[{"id":3173,"href":"https:\/\/bancocacique.com.br\/es\/wp-json\/wp\/v2\/pages\/3105\/revisions\/3173"}],"wp:attachment":[{"href":"https:\/\/bancocacique.com.br\/es\/wp-json\/wp\/v2\/media?parent=3105"}],"curies":[{"name":"wp","href":"https:\/\/api.w.org\/{rel}","templated":true}]}}