{"id":3107,"date":"2024-11-12T13:32:34","date_gmt":"2024-11-12T13:32:34","guid":{"rendered":"https:\/\/bancocacique.com.br\/prestamos-de-nomina-faciles-para-empresas-privadas\/"},"modified":"2025-07-07T09:22:11","modified_gmt":"2025-07-07T09:22:11","slug":"folha_facil_privado","status":"publish","type":"page","link":"https:\/\/bancocacique.com.br\/es\/folha_facil_privado\/","title":{"rendered":"Pr\u00e9stamos de n\u00f3mina f\u00e1ciles para empresas privadas"},"content":{"rendered":"<section class=\"gb-container gb-container-54e4e0da\">\n<div class=\"gb-container gb-container-37f383c2\">\n<div class=\"gb-container gb-container-3c2606f1\">\n\n<h2 class=\"gb-headline gb-headline-c1d1ec1d gb-headline-text\">Aqu\u00ed tienes cr\u00e9dito f\u00e1cil con descuento de n\u00f3mina.<\/h2>\n\n\n\n<p>Banco Cacique, pensando en hacerte la vida m\u00e1s f\u00e1cil, cre\u00f3 el Pr\u00e9stamo N\u00f3mina F\u00e1cil\u00b9, un pr\u00e9stamo con descuento de n\u00f3mina disponible para todos los empleados mayores de 18 a\u00f1os de Empresas Privadas que tengan convenio con el Banco.<\/p>\n\n\n\n<p>S\u00f3lo aqu\u00ed encontrar\u00e1s estas ventajas<\/p>\n\n\n\n<ul class=\"wp-block-list\">\n<li>Cr\u00e9dito r\u00e1pido y f\u00e1cil<\/li>\n\n\n\n<li>Plazos de pago de 6 a 48 meses\u00b2<\/li>\n\n\n\n<li>Monto m\u00ednimo del pr\u00e9stamo R$300,00<\/li>\n<\/ul>\n\n\n\n<p>Para solicitar el Pr\u00e9stamo Cacique Folha F\u00e1cil, simplemente comun\u00edquese con uno de nuestros canales de venta:<\/p>\n\n\n\n<ul class=\"wp-block-list\">\n<li>Tiendas Cacique<\/li>\n\n\n\n<li>Centro de ventas<\/li>\n\n\n\n<li>Empresas asociadas<\/li>\n\n\n\n<li>Corresponsales autorizados<\/li>\n<\/ul>\n\n\n\n<p>Para solicitar un contacto haga clic aqu\u00ed<\/p>\n\n\n\n<ol class=\"wp-block-list\">\n<li>Sujeto a la aprobaci\u00f3n del cr\u00e9dito y otras condiciones de contrataci\u00f3n del producto, debe haber un margen consignable disponible.<\/li>\n\n\n\n<li>El plazo m\u00e1ximo del pr\u00e9stamo se establece seg\u00fan la pol\u00edtica de cr\u00e9dito de cada contrato. Las condiciones aqu\u00ed presentadas pueden modificarse, suspenderse o cancelarse en cualquier momento, sin previo aviso.<\/li>\n<\/ol>\n\n<\/div>\n\n<div class=\"gb-container gb-container-05970008\">\n\n<figure class=\"gb-block-image gb-block-image-39d67089\"><img loading=\"lazy\" decoding=\"async\" width=\"210\" height=\"451\" class=\"gb-image gb-image-39d67089\" src=\"https:\/\/bancocacique.com.br\/wp-content\/uploads\/2024\/11\/Fale_Conosco_E.png\" alt=\"\" title=\"Cont\u00e1ctenos\" srcset=\"https:\/\/bancocacique.com.br\/wp-content\/uploads\/2024\/11\/Fale_Conosco_E.png 210w, https:\/\/bancocacique.com.br\/wp-content\/uploads\/2024\/11\/Fale_Conosco_E-140x300.png 140w\" sizes=\"auto, (max-width: 210px) 100vw, 210px\"><\/figure>\n\n<\/div>\n<\/div>\n<\/section>","protected":false},"excerpt":{"rendered":"<p>Aqu\u00ed tienes cr\u00e9dito f\u00e1cil con descuento de n\u00f3mina. Banco Cacique, pensando en hacerte la vida m\u00e1s f\u00e1cil, cre\u00f3 el Pr\u00e9stamo N\u00f3mina F\u00e1cil\u00b9, un pr\u00e9stamo con descuento de n\u00f3mina disponible para todos los empleados mayores de 18 a\u00f1os de Empresas Privadas que tengan convenio con el Banco. S\u00f3lo aqu\u00ed encontrar\u00e1s estas ventajas Para solicitar el Pr\u00e9stamo &#8230; <a title=\"Pr\u00e9stamos de n\u00f3mina f\u00e1ciles para empresas privadas\" class=\"read-more\" href=\"https:\/\/bancocacique.com.br\/es\/folha_facil_privado\/\" aria-label=\"Leer m\u00e1s sobre Pr\u00e9stamos de n\u00f3mina f\u00e1ciles para empresas privadas\">Leer m\u00e1s<\/a><\/p>\n","protected":false},"author":1,"featured_media":0,"parent":0,"menu_order":0,"comment_status":"closed","ping_status":"closed","template":"","meta":{"footnotes":""},"class_list":["post-3107","page","type-page","status-publish"],"_links":{"self":[{"href":"https:\/\/bancocacique.com.br\/es\/wp-json\/wp\/v2\/pages\/3107","targetHints":{"allow":["GET"]}}],"collection":[{"href":"https:\/\/bancocacique.com.br\/es\/wp-json\/wp\/v2\/pages"}],"about":[{"href":"https:\/\/bancocacique.com.br\/es\/wp-json\/wp\/v2\/types\/page"}],"author":[{"embeddable":true,"href":"https:\/\/bancocacique.com.br\/es\/wp-json\/wp\/v2\/users\/1"}],"replies":[{"embeddable":true,"href":"https:\/\/bancocacique.com.br\/es\/wp-json\/wp\/v2\/comments?post=3107"}],"version-history":[{"count":1,"href":"https:\/\/bancocacique.com.br\/es\/wp-json\/wp\/v2\/pages\/3107\/revisions"}],"predecessor-version":[{"id":3108,"href":"https:\/\/bancocacique.com.br\/es\/wp-json\/wp\/v2\/pages\/3107\/revisions\/3108"}],"wp:attachment":[{"href":"https:\/\/bancocacique.com.br\/es\/wp-json\/wp\/v2\/media?parent=3107"}],"curies":[{"name":"wp","href":"https:\/\/api.w.org\/{rel}","templated":true}]}}