{"id":3109,"date":"2024-11-12T13:22:40","date_gmt":"2024-11-12T13:22:40","guid":{"rendered":"https:\/\/bancocacique.com.br\/prestamo-de-nomina-facil-del-inss\/"},"modified":"2025-07-07T09:22:11","modified_gmt":"2025-07-07T09:22:11","slug":"folha_facil_inss","status":"publish","type":"page","link":"https:\/\/bancocacique.com.br\/es\/folha_facil_inss\/","title":{"rendered":"Pr\u00e9stamo de n\u00f3mina f\u00e1cil del INSS"},"content":{"rendered":"<section class=\"gb-container gb-container-54e4e0da\">\n<div class=\"gb-container gb-container-37f383c2\">\n<div class=\"gb-container gb-container-3c2606f1\">\n\n<h2 class=\"gb-headline gb-headline-c1d1ec1d gb-headline-text\">Los jubilados y pensionados del INSS tienen aqu\u00ed hasta <strong>5 a\u00f1os<\/strong> para pagar.<\/h2>\n\n\n\n<p>Banco Cacique, pensando en hacerte la vida m\u00e1s f\u00e1cil, cre\u00f3 el Pr\u00e9stamo N\u00f3mina F\u00e1cil INSS\u00b9, un pr\u00e9stamo para Jubilados y Pensionados con descuentos en las cuotas realizadas directamente del beneficio.<\/p>\n\n\n\n<p>Ventajas y beneficios<\/p>\n\n\n\n<ol class=\"wp-block-list\">\n<li>Cr\u00e9dito r\u00e1pido y f\u00e1cil<\/li>\n\n\n\n<li>Plazos de pago de 6 a 60 meses<\/li>\n\n\n\n<li>Tasas de inter\u00e9s m\u00e1ximas del 2,34% mensual<\/li>\n<\/ol>\n\n\n\n<p>Para solicitar el Pr\u00e9stamo Cacique Folha F\u00e1cil, simplemente comun\u00edquese con uno de nuestros canales de venta:<\/p>\n\n\n\n<ul class=\"wp-block-list\">\n<li>Tiendas Cacique<\/li>\n\n\n\n<li>Centro de ventas<\/li>\n\n\n\n<li>Corresponsales autorizados.<\/li>\n<\/ul>\n\n\n\n<p><strong>Llame ahora a nuestro centro de ventas: 0800 777 1133<\/strong><\/p>\n\n\n\n<p>Horario de funcionamiento: de lunes a viernes de 8:00 a 20:00 horas y s\u00e1bados y festivos de 8:00 a 16:00 horas, hora de Brasilia (excepto domingos).<\/p>\n\n\n\n<p>1. Sujeto a la aprobaci\u00f3n del cr\u00e9dito y dem\u00e1s condiciones para la contrataci\u00f3n del producto, deber\u00e1 existir un margen consignable disponible para el solicitante al momento de la contrataci\u00f3n. Las condiciones aqu\u00ed ofrecidas podr\u00e1n ser modificadas, suspendidas o canceladas en cualquier momento, sin previo aviso.<\/p>\n\n<\/div>\n\n<div class=\"gb-container gb-container-05970008\">\n\n<figure class=\"gb-block-image gb-block-image-39d67089\"><img loading=\"lazy\" decoding=\"async\" width=\"210\" height=\"451\" class=\"gb-image gb-image-39d67089\" src=\"https:\/\/bancocacique.com.br\/wp-content\/uploads\/2024\/11\/Fale_Conosco_E.png\" alt=\"\" title=\"Cont\u00e1ctenos\" srcset=\"https:\/\/bancocacique.com.br\/wp-content\/uploads\/2024\/11\/Fale_Conosco_E.png 210w, https:\/\/bancocacique.com.br\/wp-content\/uploads\/2024\/11\/Fale_Conosco_E-140x300.png 140w\" sizes=\"auto, (max-width: 210px) 100vw, 210px\"><\/figure>\n\n<\/div>\n<\/div>\n<\/section>","protected":false},"excerpt":{"rendered":"<p>Los jubilados y pensionados del INSS tienen aqu\u00ed hasta 5 a\u00f1os para pagar. Banco Cacique, pensando en hacerte la vida m\u00e1s f\u00e1cil, cre\u00f3 el Pr\u00e9stamo N\u00f3mina F\u00e1cil INSS\u00b9, un pr\u00e9stamo para Jubilados y Pensionados con descuentos en las cuotas realizadas directamente del beneficio. Ventajas y beneficios Para solicitar el Pr\u00e9stamo Cacique Folha F\u00e1cil, simplemente comun\u00edquese &#8230; <a title=\"Pr\u00e9stamo de n\u00f3mina f\u00e1cil del INSS\" class=\"read-more\" href=\"https:\/\/bancocacique.com.br\/es\/folha_facil_inss\/\" aria-label=\"Leer m\u00e1s sobre Pr\u00e9stamo de n\u00f3mina f\u00e1cil del INSS\">Leer m\u00e1s<\/a><\/p>\n","protected":false},"author":1,"featured_media":0,"parent":0,"menu_order":0,"comment_status":"closed","ping_status":"closed","template":"","meta":{"footnotes":""},"class_list":["post-3109","page","type-page","status-publish"],"_links":{"self":[{"href":"https:\/\/bancocacique.com.br\/es\/wp-json\/wp\/v2\/pages\/3109","targetHints":{"allow":["GET"]}}],"collection":[{"href":"https:\/\/bancocacique.com.br\/es\/wp-json\/wp\/v2\/pages"}],"about":[{"href":"https:\/\/bancocacique.com.br\/es\/wp-json\/wp\/v2\/types\/page"}],"author":[{"embeddable":true,"href":"https:\/\/bancocacique.com.br\/es\/wp-json\/wp\/v2\/users\/1"}],"replies":[{"embeddable":true,"href":"https:\/\/bancocacique.com.br\/es\/wp-json\/wp\/v2\/comments?post=3109"}],"version-history":[{"count":2,"href":"https:\/\/bancocacique.com.br\/es\/wp-json\/wp\/v2\/pages\/3109\/revisions"}],"predecessor-version":[{"id":3174,"href":"https:\/\/bancocacique.com.br\/es\/wp-json\/wp\/v2\/pages\/3109\/revisions\/3174"}],"wp:attachment":[{"href":"https:\/\/bancocacique.com.br\/es\/wp-json\/wp\/v2\/media?parent=3109"}],"curies":[{"name":"wp","href":"https:\/\/api.w.org\/{rel}","templated":true}]}}