{"id":3111,"date":"2024-11-12T12:06:52","date_gmt":"2024-11-12T12:06:52","guid":{"rendered":"https:\/\/bancocacique.com.br\/minorista-de-cdc\/"},"modified":"2025-07-07T09:22:48","modified_gmt":"2025-07-07T09:22:48","slug":"cdc_lojista","status":"publish","type":"page","link":"https:\/\/bancocacique.com.br\/es\/cdc_lojista\/","title":{"rendered":"Minorista de CDC"},"content":{"rendered":"<section class=\"gb-container gb-container-54e4e0da\">\n<div class=\"gb-container gb-container-37f383c2\">\n<div class=\"gb-container gb-container-3c2606f1\">\n\n<h2 class=\"gb-headline gb-headline-c1d1ec1d gb-headline-text\">Sea nuestro socio y ofrezca a sus clientes una l\u00ednea de cr\u00e9dito CDC del Banco Cacique, que act\u00faa, a trav\u00e9s de sus Promotoras, en todo Brasil desde 1985 con m\u00e1s de 3.000 puntos de venta.<\/h2>\n\n\n\n<p>Con atenci\u00f3n directa, analizamos sus necesidades caso a caso y preparamos soluciones personalizadas y estructuradas para que usted ofrezca a sus clientes la mejor opci\u00f3n de financiamiento en Brasil.<\/p>\n\n\n\n<h2 class=\"gb-headline gb-headline-17116317 gb-headline-text\">Ventajas y beneficios<\/h2>\n\n\n\n<ul class=\"wp-block-list\">\n<li>Flexibilidad operativa<\/li>\n\n\n\n<li>Agilidad en la aprobaci\u00f3n de cr\u00e9ditos<\/li>\n\n\n\n<li>El mejor servicio en Brasil<\/li>\n\n\n\n<li>Apoyo promocional<\/li>\n\n\n\n<li>Puntualidad en el traslado<\/li>\n\n\n\n<li>Mantenimiento constante en los puntos de servicio<\/li>\n<\/ul>\n\n\n\n<p>\u00a1Es Cacique ayud\u00e1ndote a vender m\u00e1s!<\/p>\n\n\n\n<figure class=\"wp-block-table\"><table class=\"has-fixed-layout\"><tbody><tr><td><strong>Rama:<\/strong><\/td><td><strong>DIRECCI\u00d3N:<\/strong><\/td><td><strong>Ciudad:<\/strong><\/td><td><strong>Tel\u00e9fono:<\/strong><\/td><\/tr><tr><td><strong>ABCD<\/strong><\/td><td>R. Mariscal Deodoro, 599<\/td><td>SB del Campo<\/td><td>(11) 4124 8860<\/td><\/tr><tr><td><strong>ARACAJ\u00da<\/strong><\/td><td>San Crist\u00f3bal, 79<\/td><td>Aracaju<\/td><td>(79) 2104 6022<\/td><\/tr><tr><td><strong>BELO HORIZONTE<\/strong><\/td><td>R. Espirito Santo, 845<\/td><td>Belo Horizonte<\/td><td>(31) 3029 2020<\/td><\/tr><tr><td><strong>BAH\u00cdA<\/strong><\/td><td>R Maximiliano Fernandes, 63<\/td><td>Victoria de la conquista<\/td><td>(77) 3423 7543<\/td><\/tr><tr><td><strong>BAH\u00cdA<\/strong><\/td><td>R de Espa\u00f1a, 30<\/td><td>Salvador<\/td><td>(71) 3242 0114<\/td><\/tr><tr><td><strong>BRASILIA<\/strong><\/td><td>Sector Comercial Sur, Q4 Lote 141\/153<\/td><td>Brasilia<\/td><td>(61) 2102 3207<\/td><\/tr><tr><td><strong>SERPIENTE DE CASCABEL<\/strong><\/td><td>Avenida Brasil, 6535<\/td><td>Serpiente de cascabel<\/td><td>(45) 3222 3338<\/td><\/tr><tr><td><strong>CRICIUMA<\/strong><\/td><td>R. Jo\u00e3o Pessoa, 95<\/td><td>Criciuma<\/td><td>(48) 3438 3682<\/td><\/tr><tr><td><strong>CURITIBA<\/strong><\/td><td>R Bar\u00f3n de R\u00edo Branco, 74<\/td><td>Curitiba<\/td><td>(41) 2108 8526<\/td><\/tr><tr><td><strong>LONDRES<\/strong><\/td><td>Avenida Paran\u00e1, 590<\/td><td>Londrina<\/td><td>(43) 2101 4625<\/td><\/tr><tr><td><strong>DIVIN\u00d3POLIS<\/strong><\/td><td>R Goi\u00e1s, 740<\/td><td>Divin\u00f3polis<\/td><td>(37) 3213 1748<\/td><\/tr><tr><td><strong>ESP\u00cdRITU SANTO<\/strong><\/td><td>Avenida Champagnat, 920<\/td><td>Casco antiguo<\/td><td>(27) 3311 5022<\/td><\/tr><tr><td><strong>FLORIAN\u00d3POLIS<\/strong><\/td><td>R Teniente Silveira, 214<\/td><td>Florian\u00f3polis<\/td><td>(48) 2108 8770<\/td><\/tr><tr><td><strong>FORTALEZA<\/strong><\/td><td>R. Guillermo Rocha, 219<\/td><td>Fortaleza<\/td><td>(85) 3533 6056<\/td><\/tr><tr><td><strong>IPATINGA<\/strong><\/td><td>Avenida 28 de Abril, 47 LJ B<\/td><td>Ipatinga<\/td><td>(31) 3822 5444<\/td><\/tr><tr><td><strong>JUEZ DE FOROS<\/strong><\/td><td>R. Bautista de Oliveira, 47<\/td><td>Juez de Exterior<\/td><td>(32) 3212 0128<\/td><\/tr><tr><td><strong>MACEIO<\/strong><\/td><td>R de Comercio, 633<\/td><td>Macei\u00f3<\/td><td>(82) 3597 2110<\/td><\/tr><tr><td><strong>MARANH\u00c3O<\/strong><\/td><td>R da Paz, 422<\/td><td>San Luis<\/td><td>(98) 3232 0031<\/td><\/tr><tr><td><strong>OSASCO<\/strong><\/td><td>R. Antonio Agu, 791<\/td><td>Osasco<\/td><td>(11) 3699 6466<\/td><\/tr><tr><td><strong>PARAIBA<\/strong><\/td><td>R Duque de Caxias, 596<\/td><td>Juan Persona<\/td><td>(83) 3133 2111<\/td><\/tr><tr><td><strong>PERNAMBUCO<\/strong><\/td><td>Avenida R\u00edo Branco, 215<\/td><td>Caruaru<\/td><td>(81) 3724 7888<\/td><\/tr><tr><td><strong>PERNAMBUCO<\/strong><\/td><td>R Duque de Caxias, 191<\/td><td>Arrecife<\/td><td>(81) 3419 3910<\/td><\/tr><tr><td><strong>PIAU\u00cd<\/strong><\/td><td>R trae mayo, 162<\/td><td>Teresina<\/td><td>(86) 3223 7383<\/td><\/tr><tr><td><strong>POZOS DE CALDAS<\/strong><\/td><td>R. Assis de Figueiredo, 1300<\/td><td>Pozos de Caldas<\/td><td>(35) 3721 5157<\/td><\/tr><tr><td><strong>PORTO ALEGRE<\/strong><\/td><td>R Vicario Jos\u00e9 In\u00e1cio, 260<\/td><td>Porto Alegre<\/td><td>(51) 2136 1326<\/td><\/tr><tr><td><strong>RIBEIR\u00c3O PRETO<\/strong><\/td><td>San Sebasti\u00e1n, 384<\/td><td>Ribeirao Preto<\/td><td>(16) 2102 1920<\/td><\/tr><tr><td><strong>R\u00cdO DE JANEIRO<\/strong><\/td><td>R do Rosario, 114 &#8211; CENTRO<\/td><td>R\u00edo de Janeiro<\/td><td>(21) 2517 4713<\/td><\/tr><tr><td><strong>R\u00cdO GRANDE DEL NORTE<\/strong><\/td><td>R. Jo\u00e3o Pessoa, 213<\/td><td>Navidad<\/td><td>(84) 3211 1220<\/td><\/tr><tr><td><strong>SAN JOS\u00c9 DE R\u00cdO PRETO<\/strong><\/td><td>R General Glicerio, 3173<\/td><td>San Jos\u00e9 de R\u00edo Preto<\/td><td>(17) 3231 1777<\/td><\/tr><tr><td><strong>SAN VICENTE<\/strong><\/td><td>R. Jacob Emerick, 533<\/td><td>San Vicente<\/td><td>(13) 2101 0383<\/td><\/tr><tr><td><strong>Uberaba<\/strong><\/td><td>P. Rui Barbosa, 300 LJ 8<\/td><td>Uberaba<\/td><td>(34) 3316 7731<\/td><\/tr><tr><td><strong>Uberlandia<\/strong><\/td><td>433 Avenida John Pinheiro<\/td><td>Uberlandia<\/td><td>(34) 3224 7284<\/td><\/tr><tr><td><strong>Z. ESTE &#8211; SP<\/strong><\/td><td>R Arlindo Cola\u00e7o, 492<\/td><td>S\u00e3o Paulo<\/td><td>(11) 6956 1357<\/td><\/tr><tr><td><strong>OESTE Z. &#8211; SP<\/strong><\/td><td>R Voluntarios de la Patria, 2024<\/td><td>S\u00e3o Paulo<\/td><td>(11) 6959 2887<\/td><\/tr><tr><td><strong>Z. SUL &#8211; SP<\/strong><\/td><td>R Voluntario Delmiro Sampaio, 200<\/td><td>S\u00e3o Paulo<\/td><td>(11) 5523 5798<\/td><\/tr><\/tbody><\/table><\/figure>\n\n<\/div>\n\n<div class=\"gb-container gb-container-05970008\">\n\n<figure class=\"gb-block-image gb-block-image-39d67089\"><img loading=\"lazy\" decoding=\"async\" width=\"210\" height=\"451\" class=\"gb-image gb-image-39d67089\" src=\"https:\/\/bancocacique.com.br\/wp-content\/uploads\/2024\/11\/Fale_Conosco_E.png\" alt=\"\" title=\"Cont\u00e1ctenos\" srcset=\"https:\/\/bancocacique.com.br\/wp-content\/uploads\/2024\/11\/Fale_Conosco_E.png 210w, https:\/\/bancocacique.com.br\/wp-content\/uploads\/2024\/11\/Fale_Conosco_E-140x300.png 140w\" sizes=\"auto, (max-width: 210px) 100vw, 210px\"><\/figure>\n\n<\/div>\n<\/div>\n<\/section>","protected":false},"excerpt":{"rendered":"<p>Sea nuestro socio y ofrezca a sus clientes una l\u00ednea de cr\u00e9dito CDC del Banco Cacique, que act\u00faa, a trav\u00e9s de sus Promotoras, en todo Brasil desde 1985 con m\u00e1s de 3.000 puntos de venta. Con atenci\u00f3n directa, analizamos sus necesidades caso a caso y preparamos soluciones personalizadas y estructuradas para que usted ofrezca a &#8230; <a title=\"Minorista de CDC\" class=\"read-more\" href=\"https:\/\/bancocacique.com.br\/es\/cdc_lojista\/\" aria-label=\"Leer m\u00e1s sobre Minorista de CDC\">Leer m\u00e1s<\/a><\/p>\n","protected":false},"author":1,"featured_media":0,"parent":0,"menu_order":0,"comment_status":"closed","ping_status":"closed","template":"","meta":{"footnotes":""},"class_list":["post-3111","page","type-page","status-publish"],"_links":{"self":[{"href":"https:\/\/bancocacique.com.br\/es\/wp-json\/wp\/v2\/pages\/3111","targetHints":{"allow":["GET"]}}],"collection":[{"href":"https:\/\/bancocacique.com.br\/es\/wp-json\/wp\/v2\/pages"}],"about":[{"href":"https:\/\/bancocacique.com.br\/es\/wp-json\/wp\/v2\/types\/page"}],"author":[{"embeddable":true,"href":"https:\/\/bancocacique.com.br\/es\/wp-json\/wp\/v2\/users\/1"}],"replies":[{"embeddable":true,"href":"https:\/\/bancocacique.com.br\/es\/wp-json\/wp\/v2\/comments?post=3111"}],"version-history":[{"count":1,"href":"https:\/\/bancocacique.com.br\/es\/wp-json\/wp\/v2\/pages\/3111\/revisions"}],"predecessor-version":[{"id":3112,"href":"https:\/\/bancocacique.com.br\/es\/wp-json\/wp\/v2\/pages\/3111\/revisions\/3112"}],"wp:attachment":[{"href":"https:\/\/bancocacique.com.br\/es\/wp-json\/wp\/v2\/media?parent=3111"}],"curies":[{"name":"wp","href":"https:\/\/api.w.org\/{rel}","templated":true}]}}