{"id":3113,"date":"2024-11-12T12:03:00","date_gmt":"2024-11-12T12:03:00","guid":{"rendered":"https:\/\/bancocacique.com.br\/tarjetas\/"},"modified":"2025-07-07T09:22:48","modified_gmt":"2025-07-07T09:22:48","slug":"cartoes","status":"publish","type":"page","link":"https:\/\/bancocacique.com.br\/es\/cartoes\/","title":{"rendered":"Tarjetas"},"content":{"rendered":"<section class=\"gb-container gb-container-54e4e0da\">\n<div class=\"gb-container gb-container-37f383c2\">\n<div class=\"gb-container gb-container-3c2606f1\">\n\n<h2 class=\"gb-headline gb-headline-c1d1ec1d gb-headline-text\">\u00a1La FlashCard es mucho m\u00e1s completa y pr\u00e1ctica! Ahora es la CaciqueCard.<\/h2>\n\n\n\n<p>\u00a1Adem\u00e1s de tener efectivo en mano, ahora podr\u00e1s comprar en diversos establecimientos!<\/p>\n\n\n\n<p>\u00a1Y a\u00fan hay m\u00e1s! Adem\u00e1s, recibir\u00e1s la tarjeta DIAaDIA gratis. C\u00e1rgala y d\u00e9jasela a tu esposa, a tu hijo, a tu empleada dom\u00e9stica o a quien quieras.<\/p>\n\n\n\n<h2 class=\"gb-headline gb-headline-8488d582 gb-headline-text\">Descubre algunas de las ventajas que te pueden ofrecer las nuevas tarjetas de Banco Cacique<\/h2>\n\n\n\n<ul class=\"wp-block-list\">\n<li>Compras en hasta 12 cuotas<\/li>\n\n\n\n<li>Retiros de efectivo en cajeros autom\u00e1ticos del Banco 24 Horas y red compartida<\/li>\n\n\n\n<li>Aceptado en Brasil en miles de establecimientos acreditados con FlashCard y Visa<\/li>\n\n\n\n<li>Tele$aque con dep\u00f3sito en cuenta corriente de cualquier banco<\/li>\n\n\n\n<li>Pr\u00e9stamo Web$aque a trav\u00e9s del sitio web<\/li>\n\n\n\n<li>6 fechas de vencimiento a su elecci\u00f3n para el pago de facturas<\/li>\n<\/ul>\n\n\n\n<p>\u00a1Visita la nueva web y sorpr\u00e9ndete!<\/p>\n\n\n\n<p>www.caciquecard.com.br<\/p>\n\n\n\n<p>Centro de atenci\u00f3n al cliente:<br\/> (11) 3111 4600<br\/> 0800 775 9333<br\/> De lunes a viernes de 7 a 22 horas.<br\/> S\u00e1bados, de 8 a 22 horas.<br\/> Domingos y festivos, de 9 a 21 horas.<\/p>\n\n\n\n<p>SAC (Disponible las 24 horas) &#8211; 0800 770 0889<\/p>\n\n\n\n<p>Cr\u00e9dito sujeto a aprobaci\u00f3n.<\/p>\n\n<\/div>\n\n<div class=\"gb-container gb-container-05970008\">\n\n<figure class=\"gb-block-image gb-block-image-39d67089\"><img loading=\"lazy\" decoding=\"async\" width=\"210\" height=\"451\" class=\"gb-image gb-image-39d67089\" src=\"https:\/\/bancocacique.com.br\/wp-content\/uploads\/2024\/11\/Fale_Conosco_E.png\" alt=\"\" title=\"Cont\u00e1ctenos\" srcset=\"https:\/\/bancocacique.com.br\/wp-content\/uploads\/2024\/11\/Fale_Conosco_E.png 210w, https:\/\/bancocacique.com.br\/wp-content\/uploads\/2024\/11\/Fale_Conosco_E-140x300.png 140w\" sizes=\"auto, (max-width: 210px) 100vw, 210px\"><\/figure>\n\n<\/div>\n<\/div>\n<\/section>","protected":false},"excerpt":{"rendered":"<p>\u00a1La FlashCard es mucho m\u00e1s completa y pr\u00e1ctica! Ahora es la CaciqueCard. \u00a1Adem\u00e1s de tener efectivo en mano, ahora podr\u00e1s comprar en diversos establecimientos! \u00a1Y a\u00fan hay m\u00e1s! Adem\u00e1s, recibir\u00e1s la tarjeta DIAaDIA gratis. C\u00e1rgala y d\u00e9jasela a tu esposa, a tu hijo, a tu empleada dom\u00e9stica o a quien quieras. Descubre algunas de las &#8230; <a title=\"Tarjetas\" class=\"read-more\" href=\"https:\/\/bancocacique.com.br\/es\/cartoes\/\" aria-label=\"Leer m\u00e1s sobre Tarjetas\">Leer m\u00e1s<\/a><\/p>\n","protected":false},"author":1,"featured_media":0,"parent":0,"menu_order":0,"comment_status":"closed","ping_status":"closed","template":"","meta":{"footnotes":""},"class_list":["post-3113","page","type-page","status-publish"],"_links":{"self":[{"href":"https:\/\/bancocacique.com.br\/es\/wp-json\/wp\/v2\/pages\/3113","targetHints":{"allow":["GET"]}}],"collection":[{"href":"https:\/\/bancocacique.com.br\/es\/wp-json\/wp\/v2\/pages"}],"about":[{"href":"https:\/\/bancocacique.com.br\/es\/wp-json\/wp\/v2\/types\/page"}],"author":[{"embeddable":true,"href":"https:\/\/bancocacique.com.br\/es\/wp-json\/wp\/v2\/users\/1"}],"replies":[{"embeddable":true,"href":"https:\/\/bancocacique.com.br\/es\/wp-json\/wp\/v2\/comments?post=3113"}],"version-history":[{"count":1,"href":"https:\/\/bancocacique.com.br\/es\/wp-json\/wp\/v2\/pages\/3113\/revisions"}],"predecessor-version":[{"id":3114,"href":"https:\/\/bancocacique.com.br\/es\/wp-json\/wp\/v2\/pages\/3113\/revisions\/3114"}],"wp:attachment":[{"href":"https:\/\/bancocacique.com.br\/es\/wp-json\/wp\/v2\/media?parent=3113"}],"curies":[{"name":"wp","href":"https:\/\/api.w.org\/{rel}","templated":true}]}}