{"id":3115,"date":"2024-11-12T11:57:17","date_gmt":"2024-11-12T11:57:17","guid":{"rendered":"https:\/\/bancocacique.com.br\/prestamo-para-auto\/"},"modified":"2025-07-07T09:22:48","modified_gmt":"2025-07-07T09:22:48","slug":"auto_emprestimo","status":"publish","type":"page","link":"https:\/\/bancocacique.com.br\/es\/auto_emprestimo\/","title":{"rendered":"Pr\u00e9stamo para auto"},"content":{"rendered":"<section class=\"gb-container gb-container-54e4e0da\">\n<div class=\"gb-container gb-container-37f383c2\">\n<div class=\"gb-container gb-container-3c2606f1\">\n\n<h2 class=\"gb-headline gb-headline-c1d1ec1d gb-headline-text\">\u00bfNecesitas dinero pero no quieres ir a pie?<br> El jefe te da luz verde.<\/h2>\n\n\n\n<p><strong>Aqu\u00ed tu veh\u00edculo vale dinero y a\u00fan as\u00ed lo conservas.\u00b9<\/strong><\/p>\n\n\n\n<p><strong>El Pr\u00e9stamo para Auto<\/strong> de Cacique no es una opci\u00f3n de financiamiento vehicular, sino la mejor opci\u00f3n de pr\u00e9stamo usando su veh\u00edculo como garant\u00eda. Tendr\u00e1 tasas m\u00e1s bajas que con un pr\u00e9stamo con cheque o tarjeta de cr\u00e9dito y un l\u00edmite de cr\u00e9dito m\u00e1s alto para lo que necesite.<\/p>\n\n\n\n<p>Vea algunas ventajas:<\/p>\n\n\n\n<ul class=\"wp-block-list\">\n<li>Podr\u00e1s tener cr\u00e9dito hasta por el 90% del valor de tu veh\u00edculo;<\/li>\n\n\n\n<li>Opciones de pago con cheque o comprobante de pago;<\/li>\n\n\n\n<li>Hasta 60 d\u00edas para pagar la primera cuota;<\/li>\n\n\n\n<li>Tarifas competitivas y cuotas que se ajustan a tu presupuesto.<\/li>\n<\/ul>\n\n\n\n<p>Vea lo f\u00e1cil que es solicitar un pr\u00e9stamo para autom\u00f3vil:<\/p>\n\n\n\n<p>Cont\u00e1ctanos o visita una de las 180 tiendas Cacique y realiza una simulaci\u00f3n para consultar tu l\u00edmite de cr\u00e9dito. Una vez aprobado tu cr\u00e9dito, el dinero se liberar\u00e1 r\u00e1pidamente y se acreditar\u00e1 en tu cuenta corriente.<\/p>\n\n\n\n<p>Documentos requeridos:<\/p>\n\n\n\n<ul class=\"wp-block-list\">\n<li>Identificaci\u00f3n y CPF<\/li>\n\n\n\n<li>Comprobante de domicilio actual<\/li>\n\n\n\n<li>Comprobante de ingresos<\/li>\n\n\n\n<li>Documento del veh\u00edculo (CRLV y DUT)*<\/li>\n<\/ul>\n\n\n\n<p>Horario de funcionamiento: de lunes a viernes de 8:00 a 20:00 horas y s\u00e1bados de 8:00 a 18:00 horas, hora de Brasilia (excepto domingos y festivos).<\/p>\n\n\n\n<p class=\"has-small-font-size\">1. Cr\u00e9dito sujeto a cambios.<br\/> *. Sujeto a an\u00e1lisis de cr\u00e9dito, el veh\u00edculo debe estar pagado, en buen estado y a nombre del solicitante.<\/p>\n\n<\/div>\n\n<div class=\"gb-container gb-container-05970008\">\n\n<figure class=\"gb-block-image gb-block-image-39d67089\"><img loading=\"lazy\" decoding=\"async\" width=\"210\" height=\"451\" class=\"gb-image gb-image-39d67089\" src=\"https:\/\/bancocacique.com.br\/wp-content\/uploads\/2024\/11\/Fale_Conosco_E.png\" alt=\"\" title=\"Cont\u00e1ctenos\" srcset=\"https:\/\/bancocacique.com.br\/wp-content\/uploads\/2024\/11\/Fale_Conosco_E.png 210w, https:\/\/bancocacique.com.br\/wp-content\/uploads\/2024\/11\/Fale_Conosco_E-140x300.png 140w\" sizes=\"auto, (max-width: 210px) 100vw, 210px\"><\/figure>\n\n<\/div>\n<\/div>\n<\/section>","protected":false},"excerpt":{"rendered":"<p>\u00bfNecesitas dinero pero no quieres ir a pie? El jefe te da luz verde. Aqu\u00ed tu veh\u00edculo vale dinero y a\u00fan as\u00ed lo conservas.\u00b9 El Pr\u00e9stamo para Auto de Cacique no es una opci\u00f3n de financiamiento vehicular, sino la mejor opci\u00f3n de pr\u00e9stamo usando su veh\u00edculo como garant\u00eda. Tendr\u00e1 tasas m\u00e1s bajas que con un &#8230; <a title=\"Pr\u00e9stamo para auto\" class=\"read-more\" href=\"https:\/\/bancocacique.com.br\/es\/auto_emprestimo\/\" aria-label=\"Leer m\u00e1s sobre Pr\u00e9stamo para auto\">Leer m\u00e1s<\/a><\/p>\n","protected":false},"author":1,"featured_media":0,"parent":0,"menu_order":0,"comment_status":"closed","ping_status":"closed","template":"","meta":{"footnotes":""},"class_list":["post-3115","page","type-page","status-publish"],"_links":{"self":[{"href":"https:\/\/bancocacique.com.br\/es\/wp-json\/wp\/v2\/pages\/3115","targetHints":{"allow":["GET"]}}],"collection":[{"href":"https:\/\/bancocacique.com.br\/es\/wp-json\/wp\/v2\/pages"}],"about":[{"href":"https:\/\/bancocacique.com.br\/es\/wp-json\/wp\/v2\/types\/page"}],"author":[{"embeddable":true,"href":"https:\/\/bancocacique.com.br\/es\/wp-json\/wp\/v2\/users\/1"}],"replies":[{"embeddable":true,"href":"https:\/\/bancocacique.com.br\/es\/wp-json\/wp\/v2\/comments?post=3115"}],"version-history":[{"count":3,"href":"https:\/\/bancocacique.com.br\/es\/wp-json\/wp\/v2\/pages\/3115\/revisions"}],"predecessor-version":[{"id":3175,"href":"https:\/\/bancocacique.com.br\/es\/wp-json\/wp\/v2\/pages\/3115\/revisions\/3175"}],"wp:attachment":[{"href":"https:\/\/bancocacique.com.br\/es\/wp-json\/wp\/v2\/media?parent=3115"}],"curies":[{"name":"wp","href":"https:\/\/api.w.org\/{rel}","templated":true}]}}