{"id":3117,"date":"2024-11-12T11:32:38","date_gmt":"2024-11-12T11:32:38","guid":{"rendered":"https:\/\/bancocacique.com.br\/scr\/"},"modified":"2025-07-07T09:23:39","modified_gmt":"2025-07-07T09:23:39","slug":"scr","status":"publish","type":"page","link":"https:\/\/bancocacique.com.br\/es\/scr\/","title":{"rendered":"SCR"},"content":{"rendered":"<section class=\"gb-container gb-container-54e4e0da\">\n<div class=\"gb-container gb-container-37f383c2\">\n<div class=\"gb-container gb-container-3c2606f1\">\n\n<h2 class=\"gb-headline gb-headline-c1d1ec1d gb-headline-text\">Sistema de Informaci\u00f3n Crediticia<\/h2>\n\n\n\n<h2 class=\"gb-headline gb-headline-91cc40f4 gb-headline-text\">\u00bfQu\u00e9 es?<\/h2>\n\n\n\n<p>El Sistema de Informaci\u00f3n Crediticia del Banco Central de Brasil (SCR), instituido por la Resoluci\u00f3n n\u00ba 3.658, de 17\/12\/2008, es una base de datos para registro y consulta de informaci\u00f3n sobre operaciones de cr\u00e9dito y garant\u00edas contratadas por personas f\u00edsicas y jur\u00eddicas con instituciones financieras del pa\u00eds.<\/p>\n\n\n\n<h2 class=\"gb-headline gb-headline-9f9a8b9a gb-headline-text\">Finalidades del SCR<\/h2>\n\n\n\n<p>Proporcionar al Banco Central informaci\u00f3n sobre las operaciones de cr\u00e9dito a los efectos de la supervisi\u00f3n del riesgo de cr\u00e9dito y permitir el intercambio de informaci\u00f3n entre instituciones financieras, con el objetivo de apoyar las decisiones crediticias y de negocios.<\/p>\n\n\n\n<h2 class=\"gb-headline gb-headline-82cd1cba gb-headline-text\">Registro, consulta y actualizaci\u00f3n de Informaci\u00f3n<\/h2>\n\n\n\n<ul class=\"wp-block-list\">\n<li>Todas y cada una de las deudas y pasivos provenientes de operaciones con caracter\u00edsticas crediticias realizadas por clientes con Banco Cacique S\/A, por obligaci\u00f3n legal, ser\u00e1n registrados en el SCR &#8211; Sistema de Informaci\u00f3n Crediticia, as\u00ed como en los sistemas que lo complementen y\/o sustituyan.<\/li>\n\n\n\n<li>Las personas f\u00edsicas y jur\u00eddicas podr\u00e1n tener acceso a sus datos registrados en el SCR, mediante acreditaci\u00f3n previa de acuerdo con las directrices disponibles en <a href=\"https:\/\/web.archive.org\/web\/20110823091127\/http:\/\/www.bacen.gov.br\/?SISBACENUSUESP\" target=\"_blank\" rel=\"noreferrer noopener\"><strong>www.bacen.gov.br\/?SISBACENUSUESP<\/strong><\/a> o a trav\u00e9s de los Centros de Atenci\u00f3n al P\u00fablico del Banco Central de Brasil, personalmente o por correspondencia.<\/li>\n\n\n\n<li>Las solicitudes de correcci\u00f3n, exclusi\u00f3n y manifestaci\u00f3n de disconformidad con respecto a las informaciones contenidas en el RCS divulgado por el Banco Cacique podr\u00e1n ser presentadas a trav\u00e9s del sitio web: www.bancocacique.com.br en el canal CONT\u00c1CTENOS &#8211; SAC o llamando al SAC al tel\u00e9fono 0800 770 0889.<\/li>\n<\/ul>\n\n\n\n<p><strong>Importante:<\/strong> La consulta de cualquier informaci\u00f3n contenida en el SCR depender\u00e1 de la autorizaci\u00f3n previa del Cliente.<\/p>\n\n\n\n<p>Para obtener m\u00e1s informaci\u00f3n, visite el sitio web del Banco Central de Brasil: www.bacen.gov.br\/?SCR o llame al: 0800 979 2345<\/p>\n\n<\/div>\n\n<div class=\"gb-container gb-container-05970008\">\n\n<figure class=\"gb-block-image gb-block-image-39d67089\"><img loading=\"lazy\" decoding=\"async\" width=\"210\" height=\"451\" class=\"gb-image gb-image-39d67089\" src=\"https:\/\/bancocacique.com.br\/wp-content\/uploads\/2024\/11\/Fale_Conosco_E.png\" alt=\"\" title=\"Cont\u00e1ctenos\" srcset=\"https:\/\/bancocacique.com.br\/wp-content\/uploads\/2024\/11\/Fale_Conosco_E.png 210w, https:\/\/bancocacique.com.br\/wp-content\/uploads\/2024\/11\/Fale_Conosco_E-140x300.png 140w\" sizes=\"auto, (max-width: 210px) 100vw, 210px\"><\/figure>\n\n<\/div>\n<\/div>\n<\/section>","protected":false},"excerpt":{"rendered":"<p>Sistema de Informaci\u00f3n Crediticia \u00bfQu\u00e9 es? El Sistema de Informaci\u00f3n Crediticia del Banco Central de Brasil (SCR), instituido por la Resoluci\u00f3n n\u00ba 3.658, de 17\/12\/2008, es una base de datos para registro y consulta de informaci\u00f3n sobre operaciones de cr\u00e9dito y garant\u00edas contratadas por personas f\u00edsicas y jur\u00eddicas con instituciones financieras del pa\u00eds. Finalidades del &#8230; <a title=\"SCR\" class=\"read-more\" href=\"https:\/\/bancocacique.com.br\/es\/scr\/\" aria-label=\"Leer m\u00e1s sobre SCR\">Leer m\u00e1s<\/a><\/p>\n","protected":false},"author":1,"featured_media":0,"parent":0,"menu_order":0,"comment_status":"closed","ping_status":"closed","template":"","meta":{"footnotes":""},"class_list":["post-3117","page","type-page","status-publish"],"_links":{"self":[{"href":"https:\/\/bancocacique.com.br\/es\/wp-json\/wp\/v2\/pages\/3117","targetHints":{"allow":["GET"]}}],"collection":[{"href":"https:\/\/bancocacique.com.br\/es\/wp-json\/wp\/v2\/pages"}],"about":[{"href":"https:\/\/bancocacique.com.br\/es\/wp-json\/wp\/v2\/types\/page"}],"author":[{"embeddable":true,"href":"https:\/\/bancocacique.com.br\/es\/wp-json\/wp\/v2\/users\/1"}],"replies":[{"embeddable":true,"href":"https:\/\/bancocacique.com.br\/es\/wp-json\/wp\/v2\/comments?post=3117"}],"version-history":[{"count":2,"href":"https:\/\/bancocacique.com.br\/es\/wp-json\/wp\/v2\/pages\/3117\/revisions"}],"predecessor-version":[{"id":3176,"href":"https:\/\/bancocacique.com.br\/es\/wp-json\/wp\/v2\/pages\/3117\/revisions\/3176"}],"wp:attachment":[{"href":"https:\/\/bancocacique.com.br\/es\/wp-json\/wp\/v2\/media?parent=3117"}],"curies":[{"name":"wp","href":"https:\/\/api.w.org\/{rel}","templated":true}]}}