{"id":3121,"date":"2024-11-12T11:12:24","date_gmt":"2024-11-12T11:12:24","guid":{"rendered":"https:\/\/bancocacique.com.br\/clasificacion\/"},"modified":"2025-07-07T09:23:40","modified_gmt":"2025-07-07T09:23:40","slug":"rating","status":"publish","type":"page","link":"https:\/\/bancocacique.com.br\/es\/rating\/","title":{"rendered":"Clasificaci\u00f3n"},"content":{"rendered":"<section class=\"gb-container gb-container-54e4e0da\">\n<div class=\"gb-container gb-container-37f383c2\">\n<div class=\"gb-container gb-container-3c2606f1\">\n\n<h2 class=\"gb-headline gb-headline-c1d1ec1d gb-headline-text\">Clasificaci\u00f3n<\/h2>\n\n\n\n<p class=\"gb-headline gb-headline-0cb10a72 gb-headline-text\"><strong>Banco Cacique &#8211; Calificaciones Fitch<\/strong><br> <em>Publicado el 1 de enero de 2010<\/em><\/p>\n\n\n\n<p class=\"gb-headline gb-headline-1c1a0ad0 gb-headline-text\"><a href=\"https:\/\/bancocacique.com.br\/pdf\/lf_ratings.pdf\"><strong>Banco Cacique &#8211; Calificaci\u00f3n LF<\/strong><\/a><br> <em>Publicado el 1 de diciembre de 2009<\/em><\/p>\n\n\n\n<p><strong>Banco Cacique &#8211; Calificaci\u00f3n de Austin<\/strong><br\/> <em>Publicado el 12 de diciembre de 2007<\/em><\/p>\n\n<\/div>\n\n<div class=\"gb-container gb-container-90b96eaa\">\n\n<figure class=\"gb-block-image gb-block-image-cb74050d\"><img loading=\"lazy\" decoding=\"async\" width=\"640\" height=\"749\" class=\"gb-image gb-image-cb74050d\" src=\"https:\/\/bancocacique.com.br\/wp-content\/uploads\/2024\/01\/adheesha-paranagama-kOYh8C_xLUQ-unsplash.jpg\" alt=\"Pool below tree\" title=\"Piscina debajo del \u00e1rbol\" srcset=\"https:\/\/bancocacique.com.br\/wp-content\/uploads\/2024\/01\/adheesha-paranagama-kOYh8C_xLUQ-unsplash.jpg 640w, https:\/\/bancocacique.com.br\/wp-content\/uploads\/2024\/01\/adheesha-paranagama-kOYh8C_xLUQ-unsplash-256x300.jpg 256w\" sizes=\"auto, (max-width: 640px) 100vw, 640px\" \/><\/figure>\n\n<\/div>\n<\/div>\n<\/section>","protected":false},"excerpt":{"rendered":"<p>Clasificaci\u00f3n Banco Cacique &#8211; Calificaciones Fitch Publicado el 1 de enero de 2010 Banco Cacique &#8211; Calificaci\u00f3n LF Publicado el 1 de diciembre de 2009 Banco Cacique &#8211; Calificaci\u00f3n de Austin Publicado el 12 de diciembre de 2007<\/p>\n","protected":false},"author":1,"featured_media":0,"parent":0,"menu_order":0,"comment_status":"closed","ping_status":"closed","template":"","meta":{"footnotes":""},"class_list":["post-3121","page","type-page","status-publish"],"_links":{"self":[{"href":"https:\/\/bancocacique.com.br\/es\/wp-json\/wp\/v2\/pages\/3121","targetHints":{"allow":["GET"]}}],"collection":[{"href":"https:\/\/bancocacique.com.br\/es\/wp-json\/wp\/v2\/pages"}],"about":[{"href":"https:\/\/bancocacique.com.br\/es\/wp-json\/wp\/v2\/types\/page"}],"author":[{"embeddable":true,"href":"https:\/\/bancocacique.com.br\/es\/wp-json\/wp\/v2\/users\/1"}],"replies":[{"embeddable":true,"href":"https:\/\/bancocacique.com.br\/es\/wp-json\/wp\/v2\/comments?post=3121"}],"version-history":[{"count":1,"href":"https:\/\/bancocacique.com.br\/es\/wp-json\/wp\/v2\/pages\/3121\/revisions"}],"predecessor-version":[{"id":3122,"href":"https:\/\/bancocacique.com.br\/es\/wp-json\/wp\/v2\/pages\/3121\/revisions\/3122"}],"wp:attachment":[{"href":"https:\/\/bancocacique.com.br\/es\/wp-json\/wp\/v2\/media?parent=3121"}],"curies":[{"name":"wp","href":"https:\/\/api.w.org\/{rel}","templated":true}]}}