{"id":3125,"date":"2024-11-12T10:43:25","date_gmt":"2024-11-12T10:43:25","guid":{"rendered":"https:\/\/bancocacique.com.br\/servidores-publicos\/"},"modified":"2025-07-07T09:24:04","modified_gmt":"2025-07-07T09:24:04","slug":"folha_facil_publico_convenios","status":"publish","type":"page","link":"https:\/\/bancocacique.com.br\/es\/folha_facil_publico_convenios\/","title":{"rendered":"Servidores p\u00fablicos"},"content":{"rendered":"<section class=\"gb-container gb-container-4bacb23a\">\n<div class=\"gb-container gb-container-a332d9e7\">\n\n<h2 class=\"gb-headline gb-headline-e76fc330\"><span class=\"gb-icon\"><svg aria-hidden=\"true\" role=\"img\" height=\"1em\" width=\"1em\" viewBox=\"0 0 512 512\" xmlns=\"http:\/\/www.w3.org\/2000\/svg\"><path fill=\"currentColor\" d=\"M478.21 334.093L336 256l142.21-78.093c11.795-6.477 15.961-21.384 9.232-33.037l-19.48-33.741c-6.728-11.653-21.72-15.499-33.227-8.523L296 186.718l3.475-162.204C299.763 11.061 288.937 0 275.48 0h-38.96c-13.456 0-24.283 11.061-23.994 24.514L216 186.718 77.265 102.607c-11.506-6.976-26.499-3.13-33.227 8.523l-19.48 33.741c-6.728 11.653-2.562 26.56 9.233 33.037L176 256 33.79 334.093c-11.795 6.477-15.961 21.384-9.232 33.037l19.48 33.741c6.728 11.653 21.721 15.499 33.227 8.523L216 325.282l-3.475 162.204C212.237 500.939 223.064 512 236.52 512h38.961c13.456 0 24.283-11.061 23.995-24.514L296 325.282l138.735 84.111c11.506 6.976 26.499 3.13 33.227-8.523l19.48-33.741c6.728-11.653 2.563-26.559-9.232-33.036z\"><\/path><\/svg><\/span> <span class=\"gb-headline-text\">Acuerdos de servidores p\u00fablicos<\/span><\/h2>\n\n\n\n<p class=\"gb-headline gb-headline-0aa4dac8 gb-headline-text\"><\/p>\n\n\n<div class=\"gb-grid-wrapper gb-grid-wrapper-fa0906b9\">\n<div class=\"gb-grid-column gb-grid-column-a3501d2f\"><div class=\"gb-container gb-container-a3501d2f\">\n\n<ul class=\"wp-block-list\">\n<li>DestacadoAERON\u00c1UTICA<\/li>\n\n\n\n<li>DestacadoASAMBLEA LEGISLATIVA &#8211; ES<\/li>\n\n\n\n<li>DestacadosCAMPREV &#8211; INST PREV CAMPINAS<\/li>\n\n\n\n<li>DestacadoCON EL EJ\u00c9RCITO COD SABEMI PREV PRIVADO<\/li>\n\n\n\n<li>DestacadoCON LA COMPA\u00d1\u00cdA DE SEGUROS SABEMI DEL EJ\u00c9RCITO<\/li>\n\n\n\n<li>DestacadoCOSANPA &#8211; COMPA\u00d1\u00cdA DE SANEAMIENTO PARA<\/li>\n\n\n\n<li>DestacadoDAE &#8211; DEPARTAMENTO DE AGUA Y ALCANTARILLADO DE AMERICANA.<\/li>\n\n\n\n<li>DestacadoDAEP &#8211; DEPARTAMENTO DE AGUA Y ALCANTARILLADO DE PENAPOLIS.<\/li>\n\n\n\n<li>DAERP &#8211; DEPARTAMENTO DE AGUA Y ALCANTARILLADO DE RIB PRETO<\/li>\n\n\n\n<li>DestacadoMUNDO NOVO MS PREV FUND<\/li>\n\n\n\n<li>DestacadoFUNPREV BAURU SP<\/li>\n\n\n\n<li>DestacadoGOV EST AMAZONAS<\/li>\n\n\n\n<li>DestacadosPENSIONADOS GOV EST AMAZONAS<\/li>\n\n\n\n<li>DestacadoGOB EST BAHIA<\/li>\n\n\n\n<li>DestacadoGOV EST GOIAS &#8211; EFECTIVO<\/li>\n\n\n\n<li>DestacadoGOV EST MARANHAO<\/li>\n\n\n\n<li>DestacadoGOV EST MATO GROSSO SUL &#8211; MS<\/li>\n\n\n\n<li>DestacadoGOV EST MINAS GERAIS &#8211; CBMG<\/li>\n\n\n\n<li>DestacadoGOV EST MINAS GERAIS &#8211; DPMG<\/li>\n\n\n\n<li>DestacadoGOV EST MINAS GERAIS &#8211; IPSEMG<\/li>\n\n\n\n<li>DestacadoGOV EST MINAS GERAIS &#8211; IPSM<\/li>\n\n\n\n<li>DestacadoGOV EST MINAS GERAIS &#8211; PMMG<\/li>\n\n\n\n<li>DestacadoGOV EST MINAS GERAIS EFECTIVO<\/li>\n\n\n\n<li>DestacadoGOV EST PARANA<\/li>\n\n\n\n<li>DestacadoGOV EST PERNAMBUCO &#8211; PECONSIG<\/li>\n\n\n\n<li>DestacadoGOV EST RIO DE JANEIRO<\/li>\n\n\n\n<li>DestacadoGOV EST RIO DE JANEIRO &#8211; CLT<\/li>\n\n\n\n<li>DestacadoHOSPITAL ODILON BEHRENS-MG<\/li>\n\n\n\n<li>DestacadoCISA &#8211; CONSORCIO INTERMUNICIANO DE SALUD<\/li>\n\n\n\n<li>DestacadoGUARDIA CIVIL MUNICIPIO DE RIB PRETO &#8211; SP<\/li>\n\n\n\n<li>DestacadoIAPEN-INST APOS Y BOL\u00cdGRAFOS DE GARCA-SP<\/li>\n\n\n\n<li>DestacadoINST PREV MUNIC RIB PRETO &#8211; IPM<\/li>\n\n\n\n<li>DestacadoIPERJ &#8211; PENSI\u00d3N<\/li>\n\n\n\n<li>DestacadoMARINA BRASILE\u00d1A<\/li>\n\n\n\n<li>DestacadoMINISTERIO P\u00daBLICO DE PARA &#8211; MP\/PA<\/li>\n\n\n\n<li>Destacado MINISTERIO P\u00daBLICO FEDERAL &#8211; MPF\/DF<\/li>\n\n\n\n<li>Destacado MINISTERIO DE TRABAJO P\u00daBLICO-MPT\/DF<\/li>\n\n\n\n<li>DestacadosPENSIONISTAS FUNAPE &#8211; PE<\/li>\n\n\n\n<li>DestacadoPM AMERICANA &#8211; SP<\/li>\n\n\n\n<li>DestacadoPM ANAPOLIS GO<\/li>\n\n\n\n<li>DestacadoPM ANASTACIO &#8211; MS<\/li>\n<\/ul>\n\n<\/div><\/div>\n\n<div class=\"gb-grid-column gb-grid-column-72154ea4\"><div class=\"gb-container gb-container-72154ea4\">\n\n<ul class=\"wp-block-list\">\n<li>PM AQUIDAUANA &#8211; MS<\/li>\n\n\n\n<li>DestacadoPM ARACI &#8211; BA<\/li>\n\n\n\n<li>DestacadoPM AVANHANDAVA &#8211; SP<\/li>\n\n\n\n<li>DestacadoPM BARCARENA &#8211; PA<\/li>\n\n\n\n<li>DestacadoPM BAURU\/AUTARQUIA &#8211; SP<\/li>\n\n\n\n<li>DestacadoPM CONTAGEM &#8211; MG<\/li>\n\n\n\n<li>DestacadoPM GARCA &#8211; SP<\/li>\n\n\n\n<li>DestacadoPM GUAIRA &#8211; SP<\/li>\n\n\n\n<li>DestacadoPM GUARARAPES &#8211; SP<\/li>\n\n\n\n<li>DestacadoPM ILHA SOLTEIRA &#8211; SP<\/li>\n\n\n\n<li>DestacadoPM ITABAIANINHA &#8211; SE<\/li>\n\n\n\n<li>DestacadoPM JABOTICABAL &#8211; SP<\/li>\n\n\n\n<li>DestacadoPM JALES &#8211; SP<\/li>\n\n\n\n<li>DestacadoPM JAU &#8211; SP<\/li>\n\n\n\n<li>DestacadoPM MIRANDA &#8211; MS<\/li>\n\n\n\n<li>DestacadoPM MIRASSOL &#8211; SP<\/li>\n\n\n\n<li>DestacadoPM MUNDO NOVO &#8211; MS<\/li>\n\n\n\n<li>PM destacado PENAPOLIS &#8211; SP<\/li>\n\n\n\n<li>DestacadoPM PIRENOPOLIS &#8211; GO<\/li>\n\n\n\n<li>DestacadoPM PLANALTINA &#8211; GO<\/li>\n\n\n\n<li>DestacadoPM PRESIDENTE PRUDENTE &#8211; SP<\/li>\n\n\n\n<li>DestacadoPM RIB BLACK ANT REC FIJO &#8211; SP<\/li>\n\n\n\n<li>Cuentas por cobrar destacadas de PM RIB PRETO ANT &#8211; SP<\/li>\n\n\n\n<li>DestacadoPM RIBEIRAO PRETO &#8211; SP<\/li>\n\n\n\n<li>DestacadoPM RIO VERDE &#8211; GO<\/li>\n\n\n\n<li>DestacadoPM SANTA BARBARA D OESTE &#8211; SP<\/li>\n\n\n\n<li>PM destacado SAO LUIS &#8211; MA<\/li>\n\n\n\n<li>DestacadoPM SENHOR DO BONFIM &#8211; BA<\/li>\n\n\n\n<li>PM destacado SIDROLANDIA &#8211; MS<\/li>\n\n\n\n<li>DestacadoPM TEODORO SAMPAIO &#8211; SP<\/li>\n\n\n\n<li>PM destacado TUPA &#8211; SP<\/li>\n\n\n\n<li>DestacadoPRUDENPREV- INT PREV PM PRES PRUDE<\/li>\n\n\n\n<li>DestacadoSAAE\/GARCA SERVICIO DE AGUA Y ALCANTARILLADO SP<\/li>\n\n\n\n<li>DestacadoSAEMJA \/ SP SERVICIO DE AGUA Y ALCANTARILLADO JAU<\/li>\n\n\n\n<li>DestacadoSEPREM &#8211; JABOTICABAL<\/li>\n\n\n\n<li>Destacado TRIBUNAL DE JUSTICIA BA (IPRAJ)<\/li>\n\n\n\n<li>DestacadoTribunal Superior Electoral &#8211; TSE\/DF<\/li>\n\n\n\n<li>DestacadoTRT 10 DF REGI\u00d3N<\/li>\n<\/ul>\n\n<\/div><\/div>\n<\/div>\n<\/div>\n<\/section>","protected":false},"excerpt":{"rendered":"<p>Acuerdos de servidores p\u00fablicos<\/p>\n","protected":false},"author":1,"featured_media":0,"parent":0,"menu_order":0,"comment_status":"closed","ping_status":"closed","template":"","meta":{"footnotes":""},"class_list":["post-3125","page","type-page","status-publish"],"_links":{"self":[{"href":"https:\/\/bancocacique.com.br\/es\/wp-json\/wp\/v2\/pages\/3125","targetHints":{"allow":["GET"]}}],"collection":[{"href":"https:\/\/bancocacique.com.br\/es\/wp-json\/wp\/v2\/pages"}],"about":[{"href":"https:\/\/bancocacique.com.br\/es\/wp-json\/wp\/v2\/types\/page"}],"author":[{"embeddable":true,"href":"https:\/\/bancocacique.com.br\/es\/wp-json\/wp\/v2\/users\/1"}],"replies":[{"embeddable":true,"href":"https:\/\/bancocacique.com.br\/es\/wp-json\/wp\/v2\/comments?post=3125"}],"version-history":[{"count":1,"href":"https:\/\/bancocacique.com.br\/es\/wp-json\/wp\/v2\/pages\/3125\/revisions"}],"predecessor-version":[{"id":3126,"href":"https:\/\/bancocacique.com.br\/es\/wp-json\/wp\/v2\/pages\/3125\/revisions\/3126"}],"wp:attachment":[{"href":"https:\/\/bancocacique.com.br\/es\/wp-json\/wp\/v2\/media?parent=3125"}],"curies":[{"name":"wp","href":"https:\/\/api.w.org\/{rel}","templated":true}]}}